{"id":503,"date":"2026-03-30T07:57:56","date_gmt":"2026-03-30T04:57:56","guid":{"rendered":"https:\/\/salononline.ro\/salondemo\/?page_id=503"},"modified":"2026-03-30T09:23:46","modified_gmt":"2026-03-30T06:23:46","slug":"cursuri","status":"publish","type":"page","link":"https:\/\/salononline.ro\/salondemo\/cursuri\/","title":{"rendered":"Cursuri"},"content":{"rendered":"<p>Exploreaz\u0103 demo-ul de rezervare evenimente \u0219i vezi cum poate func\u021biona acest sistem modern pe site-ul salonului t\u0103u.<\/p>\n<script>\n  if (typeof hasAmeliaEvent === 'undefined') {\n    var hasAmeliaEvent = true;\n  }\n  if (typeof hasEventApiCall === 'undefined' && ('' === '' && '' !== '1')) {\n    var hasEventApiCall = true;\n  }\n  var hasEventShortcode = (typeof hasEventShortcode === 'undefined') ? false : true;\n  var ameliaShortcodeData = (typeof ameliaShortcodeData === 'undefined') ? [] : ameliaShortcodeData;\n  ameliaShortcodeData.push(\n    {\n      'hasApiCall': (typeof hasEventApiCall !== 'undefined') && hasEventApiCall,\n      'trigger': '',\n      'trigger_type': '',\n      'triggered_form': 'ecf',\n      'in_dialog': '',\n      'counter': '1000',\n      'employee': '',\n      'eventId': '',\n      'eventRecurring': 0,\n      'eventTag': \"\",\n      'locationId': \"\"\n    }\n  );\n  var ameliaShortcodeDataTriggered = (typeof ameliaShortcodeDataTriggered === 'undefined') ? [] : ameliaShortcodeDataTriggered;\n  if (ameliaShortcodeData[ameliaShortcodeData.length - 1].trigger !== '') {\n    if (ameliaShortcodeDataTriggered.filter(a => a.counter === ameliaShortcodeData[ameliaShortcodeData.length - 1].counter).length === 0) {\n      ameliaShortcodeDataTriggered.push(ameliaShortcodeData.pop());\n    } else {\n      ameliaShortcodeData.pop()\n    }\n  }\n  if (typeof hasEventApiCall !== 'undefined' && hasEventApiCall) {\n    hasEventApiCall = false;\n  }\n<\/script>\n\n<div\n  id=\"amelia-v2-booking-1000\"\n  class=\"amelia-v2-booking\"\n>\n    <events-calendar-form-wrapper><\/div>\n\n<h2>Sistem inteligent de rezerv\u0103ri pentru evenimente<\/h2>\n<p>Organizarea evenimentelor \u00een industria beauty devine din ce \u00een ce mai important\u0103. Workshop-urile, cursurile, lans\u0103rile de produse, seminariile de skincare sau training-urile pentru speciali\u0219ti sunt o metod\u0103 excelent\u0103 de a atrage clien\u021bi noi \u0219i de a construi o comunitate fidel\u0103.<\/p>\n<p>Problema apare atunci c\u00e2nd rezerv\u0103rile sunt gestionate manual: telefoane, liste \u00een Excel, mesaje pe social media \u0219i confirm\u0103ri pierdute.<\/p>\n<h3>Solu\u021bia: rezerv\u0103ri automate pentru evenimente<\/h3>\n<p>Sistemul profesional de rezerv\u0103ri online integrat \u00een WordPress permite gestionarea complet\u0103 a evenimentelor direct pe site.<\/p>\n<p><strong>Clien\u021bii pot:<\/strong><\/p>\n<p><strong data-start=\"411\" data-end=\"416\">\u2726<\/strong> vedea toate evenimentele disponibile \u00eentr-un calendar modern<br \/>\n<strong data-start=\"411\" data-end=\"416\">\u2726<\/strong> alege data \u0219i tipul de participare<br \/>\n<strong data-start=\"411\" data-end=\"416\">\u2726<\/strong> rezerva locul instant<br \/>\n<strong data-start=\"411\" data-end=\"416\">\u2726<\/strong> pl\u0103ti online sau avans<br \/>\n<strong data-start=\"411\" data-end=\"416\">\u2726<\/strong> primi confirm\u0103ri automate<br \/>\n<strong data-start=\"411\" data-end=\"416\">\u2726<\/strong> primi notific\u0103ri \u00eenainte de eveniment<br \/>\n<strong data-start=\"411\" data-end=\"416\">\u2726<\/strong> intra pe lista de a\u0219teptare dac\u0103 locurile sunt ocupate<\/p>\n<p>Totul este automatizat \u0219i organizat \u00eentr-un singur sistem.<\/p>\n<h2>Beneficii pentru salon<\/h2>\n<p><strong>Organizare profesional\u0103<\/strong><br \/>\nNu mai exist\u0103 program\u0103ri pierdute sau liste dezorganizate.<\/p>\n<p><strong>Mai mul\u021bi participan\u021bi la evenimente<\/strong><br \/>\nClien\u021bii pot rezerva rapid \u0219i simplu direct de pe telefon.<\/p>\n<p><strong>Reducerea timpului administrativ<\/strong><br \/>\nNu mai este nevoie de confirm\u0103ri manuale.<\/p>\n<p><strong>Imagine premium<\/strong><br \/>\nSalonul ofer\u0103 o experien\u021b\u0103 modern\u0103 \u0219i digital\u0103.<\/p>\n<h2>Exemplu real din pia\u021ba beauty<\/h2>\n<p>Un salon care organizeaz\u0103 lunar workshop-uri de machiaj poate seta:<\/p>\n<p>\u2714\ufe0f 20 de locuri disponibile<br \/>\n\u2714\ufe0f 3 tipuri de bilete<br \/>\n\u2714\ufe0f plat\u0103 online<br \/>\n\u2714\ufe0f notificare automat\u0103 cu 24h \u00eenainte<\/p>\n<p><strong>Rezultatul:<\/strong> evenimente pline, f\u0103r\u0103 haos \u0219i f\u0103r\u0103 apeluri repetate.<\/p>\n<h2>Experien\u021b\u0103 simpl\u0103 pentru client<\/h2>\n<p>Clientul intr\u0103 pe site, vede evenimentul, rezerv\u0103 locul \u0219i prime\u0219te confirmarea imediat.<\/p>\n<p>\u2713 F\u0103r\u0103 telefoane.<br \/>\n\u2713 F\u0103r\u0103 mesaje.<br \/>\n\u2713 F\u0103r\u0103 a\u0219teptare.<\/p>\n<h2>Panou Administrare<\/h2>\n<p>Gestioneaz\u0103 toate evenimentele dintr-un singur loc, printr-un panou de administrare modern \u0219i u\u0219or de folosit. Po\u021bi crea evenimente noi, seta datele, pre\u021burile, num\u0103rul de participan\u021bi \u0219i loca\u021bia, iar sistemul actualizeaz\u0103 automat calendarul \u0219i rezerv\u0103rile.<\/p>\n<p>Ai control complet asupra participan\u021bilor, pl\u0103\u021bilor \u0219i notific\u0103rilor, astfel \u00eenc\u00e2t organizarea workshop-urilor, cursurilor sau training-urilor devine rapid\u0103 \u0219i eficient\u0103.<\/p>\n<p><strong>Totul este organizat clar, f\u0103r\u0103 liste \u00een Excel \u0219i f\u0103r\u0103 program\u0103ri manuale.<\/strong><\/p>\n<p><img fetchpriority=\"high\" decoding=\"async\" class=\"alignnone size-large wp-image-521\" src=\"https:\/\/salononline.ro\/salondemo\/wp-content\/uploads\/sites\/5\/2026\/03\/curs-m-1024x902.jpg\" alt=\"demo curs \" width=\"840\" height=\"740\" srcset=\"https:\/\/salononline.ro\/salondemo\/wp-content\/uploads\/sites\/5\/2026\/03\/curs-m-1024x902.jpg 1024w, https:\/\/salononline.ro\/salondemo\/wp-content\/uploads\/sites\/5\/2026\/03\/curs-m-300x264.jpg 300w, https:\/\/salononline.ro\/salondemo\/wp-content\/uploads\/sites\/5\/2026\/03\/curs-m-768x676.jpg 768w, https:\/\/salononline.ro\/salondemo\/wp-content\/uploads\/sites\/5\/2026\/03\/curs-m-1536x1353.jpg 1536w, https:\/\/salononline.ro\/salondemo\/wp-content\/uploads\/sites\/5\/2026\/03\/curs-m-2048x1804.jpg 2048w, https:\/\/salononline.ro\/salondemo\/wp-content\/uploads\/sites\/5\/2026\/03\/curs-m-170x150.jpg 170w, https:\/\/salononline.ro\/salondemo\/wp-content\/uploads\/sites\/5\/2026\/03\/curs-m-100x88.jpg 100w, https:\/\/salononline.ro\/salondemo\/wp-content\/uploads\/sites\/5\/2026\/03\/curs-m-397x350.jpg 397w, https:\/\/salononline.ro\/salondemo\/wp-content\/uploads\/sites\/5\/2026\/03\/curs-m-788x693.jpg 788w, https:\/\/salononline.ro\/salondemo\/wp-content\/uploads\/sites\/5\/2026\/03\/curs-m-600x528.jpg 600w, https:\/\/salononline.ro\/salondemo\/wp-content\/uploads\/sites\/5\/2026\/03\/curs-m.jpg 813w\" sizes=\"(max-width: 840px) 100vw, 840px\" \/><\/p>\n<h3>Scanare Bilet electronic<\/h3>\n<p>Accesul la evenimente devine simplu \u0219i organizat prin sistemul de scanare a biletelor electronice. Fiecare participant prime\u0219te un cod QR, iar la intrare biletul poate fi scanat instant pentru validare rapid\u0103.<\/p>\n<p>Astfel, elimini listele pe h\u00e2rtie, verific\u0103rile manuale \u0219i aglomera\u021bia de la recep\u021bie, iar participan\u021bii intr\u0103 rapid \u0219i sigur la workshop-uri, cursuri sau evenimente beauty.<\/p>\n<p>Control rapid, acces sigur \u0219i organizare profesional\u0103 a participan\u021bilor.<\/p>\n<p><img decoding=\"async\" class=\"alignnone size-large wp-image-516\" src=\"https:\/\/salononline.ro\/salondemo\/wp-content\/uploads\/sites\/5\/2026\/03\/scanner-1024x915.jpg\" alt=\"scanare bilet\" width=\"840\" height=\"751\" srcset=\"https:\/\/salononline.ro\/salondemo\/wp-content\/uploads\/sites\/5\/2026\/03\/scanner-1024x915.jpg 1024w, https:\/\/salononline.ro\/salondemo\/wp-content\/uploads\/sites\/5\/2026\/03\/scanner-300x268.jpg 300w, https:\/\/salononline.ro\/salondemo\/wp-content\/uploads\/sites\/5\/2026\/03\/scanner-768x686.jpg 768w, https:\/\/salononline.ro\/salondemo\/wp-content\/uploads\/sites\/5\/2026\/03\/scanner-1536x1373.jpg 1536w, https:\/\/salononline.ro\/salondemo\/wp-content\/uploads\/sites\/5\/2026\/03\/scanner-2048x1830.jpg 2048w, https:\/\/salononline.ro\/salondemo\/wp-content\/uploads\/sites\/5\/2026\/03\/scanner-168x150.jpg 168w, https:\/\/salononline.ro\/salondemo\/wp-content\/uploads\/sites\/5\/2026\/03\/scanner-100x89.jpg 100w, https:\/\/salononline.ro\/salondemo\/wp-content\/uploads\/sites\/5\/2026\/03\/scanner-392x350.jpg 392w, https:\/\/salononline.ro\/salondemo\/wp-content\/uploads\/sites\/5\/2026\/03\/scanner-788x704.jpg 788w, https:\/\/salononline.ro\/salondemo\/wp-content\/uploads\/sites\/5\/2026\/03\/scanner-600x536.jpg 600w, https:\/\/salononline.ro\/salondemo\/wp-content\/uploads\/sites\/5\/2026\/03\/scanner.jpg 799w\" sizes=\"(max-width: 840px) 100vw, 840px\" \/><\/p>\n","protected":false},"excerpt":{"rendered":"<p>Exploreaz\u0103 demo-ul de rezervare evenimente \u0219i vezi cum poate func\u021biona acest sistem modern pe site-ul salonului t\u0103u. Sistem inteligent de rezerv\u0103ri pentru evenimente Organizarea evenimentelor \u00een industria beauty devine din ce \u00een ce mai important\u0103. Workshop-urile, cursurile, lans\u0103rile de produse, seminariile de skincare sau training-urile pentru speciali\u0219ti sunt o metod\u0103 excelent\u0103 de a atrage clien\u021bi [&hellip;]<\/p>\n","protected":false},"author":1,"featured_media":0,"parent":0,"menu_order":0,"comment_status":"closed","ping_status":"closed","template":"","meta":{"footnotes":""},"class_list":["post-503","page","type-page","status-publish","hentry"],"yoast_head":"<!-- This site is optimized with the Yoast SEO plugin v27.4 - https:\/\/yoast.com\/product\/yoast-seo-wordpress\/ -->\n<title>Cursuri - Salon Beauty - DEMO<\/title>\n<meta name=\"robots\" content=\"index, follow, max-snippet:-1, max-image-preview:large, max-video-preview:-1\" \/>\n<link rel=\"canonical\" href=\"https:\/\/salononline.ro\/salondemo\/cursuri\/\" \/>\n<meta property=\"og:locale\" content=\"ro_RO\" \/>\n<meta property=\"og:type\" content=\"article\" \/>\n<meta property=\"og:title\" content=\"Cursuri - Salon Beauty - DEMO\" \/>\n<meta property=\"og:description\" content=\"Exploreaz\u0103 demo-ul de rezervare evenimente \u0219i vezi cum poate func\u021biona acest sistem modern pe site-ul salonului t\u0103u. Sistem inteligent de rezerv\u0103ri pentru evenimente Organizarea evenimentelor \u00een industria beauty devine din ce \u00een ce mai important\u0103. Workshop-urile, cursurile, lans\u0103rile de produse, seminariile de skincare sau training-urile pentru speciali\u0219ti sunt o metod\u0103 excelent\u0103 de a atrage clien\u021bi [&hellip;]\" \/>\n<meta property=\"og:url\" content=\"https:\/\/salononline.ro\/salondemo\/cursuri\/\" \/>\n<meta property=\"og:site_name\" content=\"Salon Beauty - DEMO\" \/>\n<meta property=\"article:modified_time\" content=\"2026-03-30T06:23:46+00:00\" \/>\n<meta property=\"og:image\" content=\"https:\/\/salononline.ro\/salondemo\/wp-content\/uploads\/sites\/5\/2026\/03\/curs-m.jpg\" \/>\n\t<meta property=\"og:image:width\" content=\"813\" \/>\n\t<meta property=\"og:image:height\" content=\"716\" \/>\n\t<meta property=\"og:image:type\" content=\"image\/jpeg\" \/>\n<meta name=\"twitter:card\" content=\"summary_large_image\" \/>\n<meta name=\"twitter:label1\" content=\"Timp estimat pentru citire\" \/>\n\t<meta name=\"twitter:data1\" content=\"3 minute\" \/>\n<script type=\"application\/ld+json\" class=\"yoast-schema-graph\">{\"@context\":\"https:\\\/\\\/schema.org\",\"@graph\":[{\"@type\":\"WebPage\",\"@id\":\"https:\\\/\\\/salononline.ro\\\/salondemo\\\/cursuri\\\/\",\"url\":\"https:\\\/\\\/salononline.ro\\\/salondemo\\\/cursuri\\\/\",\"name\":\"Cursuri - Salon Beauty - DEMO\",\"isPartOf\":{\"@id\":\"https:\\\/\\\/salononline.ro\\\/salondemo\\\/#website\"},\"primaryImageOfPage\":{\"@id\":\"https:\\\/\\\/salononline.ro\\\/salondemo\\\/cursuri\\\/#primaryimage\"},\"image\":{\"@id\":\"https:\\\/\\\/salononline.ro\\\/salondemo\\\/cursuri\\\/#primaryimage\"},\"thumbnailUrl\":\"https:\\\/\\\/salononline.ro\\\/salondemo\\\/wp-content\\\/uploads\\\/sites\\\/5\\\/2026\\\/03\\\/curs-m-1024x902.jpg\",\"datePublished\":\"2026-03-30T04:57:56+00:00\",\"dateModified\":\"2026-03-30T06:23:46+00:00\",\"breadcrumb\":{\"@id\":\"https:\\\/\\\/salononline.ro\\\/salondemo\\\/cursuri\\\/#breadcrumb\"},\"inLanguage\":\"ro-RO\",\"potentialAction\":[{\"@type\":\"ReadAction\",\"target\":[\"https:\\\/\\\/salononline.ro\\\/salondemo\\\/cursuri\\\/\"]}]},{\"@type\":\"ImageObject\",\"inLanguage\":\"ro-RO\",\"@id\":\"https:\\\/\\\/salononline.ro\\\/salondemo\\\/cursuri\\\/#primaryimage\",\"url\":\"https:\\\/\\\/salononline.ro\\\/salondemo\\\/wp-content\\\/uploads\\\/sites\\\/5\\\/2026\\\/03\\\/curs-m.jpg\",\"contentUrl\":\"https:\\\/\\\/salononline.ro\\\/salondemo\\\/wp-content\\\/uploads\\\/sites\\\/5\\\/2026\\\/03\\\/curs-m.jpg\",\"width\":813,\"height\":716,\"caption\":\"demo curs\"},{\"@type\":\"BreadcrumbList\",\"@id\":\"https:\\\/\\\/salononline.ro\\\/salondemo\\\/cursuri\\\/#breadcrumb\",\"itemListElement\":[{\"@type\":\"ListItem\",\"position\":1,\"name\":\"Prima pagin\u0103\",\"item\":\"https:\\\/\\\/salononline.ro\\\/salondemo\\\/\"},{\"@type\":\"ListItem\",\"position\":2,\"name\":\"Cursuri\"}]},{\"@type\":\"WebSite\",\"@id\":\"https:\\\/\\\/salononline.ro\\\/salondemo\\\/#website\",\"url\":\"https:\\\/\\\/salononline.ro\\\/salondemo\\\/\",\"name\":\"Salon Beauty - DEMO\",\"description\":\"\",\"publisher\":{\"@id\":\"https:\\\/\\\/salononline.ro\\\/salondemo\\\/#organization\"},\"potentialAction\":[{\"@type\":\"SearchAction\",\"target\":{\"@type\":\"EntryPoint\",\"urlTemplate\":\"https:\\\/\\\/salononline.ro\\\/salondemo\\\/?s={search_term_string}\"},\"query-input\":{\"@type\":\"PropertyValueSpecification\",\"valueRequired\":true,\"valueName\":\"search_term_string\"}}],\"inLanguage\":\"ro-RO\"},{\"@type\":\"Organization\",\"@id\":\"https:\\\/\\\/salononline.ro\\\/salondemo\\\/#organization\",\"name\":\"Salon Beauty - DEMO\",\"url\":\"https:\\\/\\\/salononline.ro\\\/salondemo\\\/\",\"logo\":{\"@type\":\"ImageObject\",\"inLanguage\":\"ro-RO\",\"@id\":\"https:\\\/\\\/salononline.ro\\\/salondemo\\\/#\\\/schema\\\/logo\\\/image\\\/\",\"url\":\"https:\\\/\\\/salononline.ro\\\/salondemo\\\/wp-content\\\/uploads\\\/sites\\\/5\\\/2026\\\/01\\\/salon-demo-so-2.png\",\"contentUrl\":\"https:\\\/\\\/salononline.ro\\\/salondemo\\\/wp-content\\\/uploads\\\/sites\\\/5\\\/2026\\\/01\\\/salon-demo-so-2.png\",\"width\":280,\"height\":86,\"caption\":\"Salon Beauty - DEMO\"},\"image\":{\"@id\":\"https:\\\/\\\/salononline.ro\\\/salondemo\\\/#\\\/schema\\\/logo\\\/image\\\/\"}}]}<\/script>\n<!-- \/ Yoast SEO plugin. -->","yoast_head_json":{"title":"Cursuri - Salon Beauty - DEMO","robots":{"index":"index","follow":"follow","max-snippet":"max-snippet:-1","max-image-preview":"max-image-preview:large","max-video-preview":"max-video-preview:-1"},"canonical":"https:\/\/salononline.ro\/salondemo\/cursuri\/","og_locale":"ro_RO","og_type":"article","og_title":"Cursuri - Salon Beauty - DEMO","og_description":"Exploreaz\u0103 demo-ul de rezervare evenimente \u0219i vezi cum poate func\u021biona acest sistem modern pe site-ul salonului t\u0103u. Sistem inteligent de rezerv\u0103ri pentru evenimente Organizarea evenimentelor \u00een industria beauty devine din ce \u00een ce mai important\u0103. Workshop-urile, cursurile, lans\u0103rile de produse, seminariile de skincare sau training-urile pentru speciali\u0219ti sunt o metod\u0103 excelent\u0103 de a atrage clien\u021bi [&hellip;]","og_url":"https:\/\/salononline.ro\/salondemo\/cursuri\/","og_site_name":"Salon Beauty - DEMO","article_modified_time":"2026-03-30T06:23:46+00:00","og_image":[{"width":813,"height":716,"url":"https:\/\/salononline.ro\/salondemo\/wp-content\/uploads\/sites\/5\/2026\/03\/curs-m.jpg","type":"image\/jpeg"}],"twitter_card":"summary_large_image","twitter_misc":{"Timp estimat pentru citire":"3 minute"},"schema":{"@context":"https:\/\/schema.org","@graph":[{"@type":"WebPage","@id":"https:\/\/salononline.ro\/salondemo\/cursuri\/","url":"https:\/\/salononline.ro\/salondemo\/cursuri\/","name":"Cursuri - Salon Beauty - DEMO","isPartOf":{"@id":"https:\/\/salononline.ro\/salondemo\/#website"},"primaryImageOfPage":{"@id":"https:\/\/salononline.ro\/salondemo\/cursuri\/#primaryimage"},"image":{"@id":"https:\/\/salononline.ro\/salondemo\/cursuri\/#primaryimage"},"thumbnailUrl":"https:\/\/salononline.ro\/salondemo\/wp-content\/uploads\/sites\/5\/2026\/03\/curs-m-1024x902.jpg","datePublished":"2026-03-30T04:57:56+00:00","dateModified":"2026-03-30T06:23:46+00:00","breadcrumb":{"@id":"https:\/\/salononline.ro\/salondemo\/cursuri\/#breadcrumb"},"inLanguage":"ro-RO","potentialAction":[{"@type":"ReadAction","target":["https:\/\/salononline.ro\/salondemo\/cursuri\/"]}]},{"@type":"ImageObject","inLanguage":"ro-RO","@id":"https:\/\/salononline.ro\/salondemo\/cursuri\/#primaryimage","url":"https:\/\/salononline.ro\/salondemo\/wp-content\/uploads\/sites\/5\/2026\/03\/curs-m.jpg","contentUrl":"https:\/\/salononline.ro\/salondemo\/wp-content\/uploads\/sites\/5\/2026\/03\/curs-m.jpg","width":813,"height":716,"caption":"demo curs"},{"@type":"BreadcrumbList","@id":"https:\/\/salononline.ro\/salondemo\/cursuri\/#breadcrumb","itemListElement":[{"@type":"ListItem","position":1,"name":"Prima pagin\u0103","item":"https:\/\/salononline.ro\/salondemo\/"},{"@type":"ListItem","position":2,"name":"Cursuri"}]},{"@type":"WebSite","@id":"https:\/\/salononline.ro\/salondemo\/#website","url":"https:\/\/salononline.ro\/salondemo\/","name":"Salon Beauty - DEMO","description":"","publisher":{"@id":"https:\/\/salononline.ro\/salondemo\/#organization"},"potentialAction":[{"@type":"SearchAction","target":{"@type":"EntryPoint","urlTemplate":"https:\/\/salononline.ro\/salondemo\/?s={search_term_string}"},"query-input":{"@type":"PropertyValueSpecification","valueRequired":true,"valueName":"search_term_string"}}],"inLanguage":"ro-RO"},{"@type":"Organization","@id":"https:\/\/salononline.ro\/salondemo\/#organization","name":"Salon Beauty - DEMO","url":"https:\/\/salononline.ro\/salondemo\/","logo":{"@type":"ImageObject","inLanguage":"ro-RO","@id":"https:\/\/salononline.ro\/salondemo\/#\/schema\/logo\/image\/","url":"https:\/\/salononline.ro\/salondemo\/wp-content\/uploads\/sites\/5\/2026\/01\/salon-demo-so-2.png","contentUrl":"https:\/\/salononline.ro\/salondemo\/wp-content\/uploads\/sites\/5\/2026\/01\/salon-demo-so-2.png","width":280,"height":86,"caption":"Salon Beauty - DEMO"},"image":{"@id":"https:\/\/salononline.ro\/salondemo\/#\/schema\/logo\/image\/"}}]}},"_links":{"self":[{"href":"https:\/\/salononline.ro\/salondemo\/wp-json\/wp\/v2\/pages\/503","targetHints":{"allow":["GET"]}}],"collection":[{"href":"https:\/\/salononline.ro\/salondemo\/wp-json\/wp\/v2\/pages"}],"about":[{"href":"https:\/\/salononline.ro\/salondemo\/wp-json\/wp\/v2\/types\/page"}],"author":[{"embeddable":true,"href":"https:\/\/salononline.ro\/salondemo\/wp-json\/wp\/v2\/users\/1"}],"replies":[{"embeddable":true,"href":"https:\/\/salononline.ro\/salondemo\/wp-json\/wp\/v2\/comments?post=503"}],"version-history":[{"count":6,"href":"https:\/\/salononline.ro\/salondemo\/wp-json\/wp\/v2\/pages\/503\/revisions"}],"predecessor-version":[{"id":522,"href":"https:\/\/salononline.ro\/salondemo\/wp-json\/wp\/v2\/pages\/503\/revisions\/522"}],"wp:attachment":[{"href":"https:\/\/salononline.ro\/salondemo\/wp-json\/wp\/v2\/media?parent=503"}],"curies":[{"name":"wp","href":"https:\/\/api.w.org\/{rel}","templated":true}]}}