{"id":5,"date":"2026-01-16T16:56:16","date_gmt":"2026-01-16T16:56:16","guid":{"rendered":"https:\/\/salononline.ro\/salondemo\/cos\/"},"modified":"2026-01-17T05:12:10","modified_gmt":"2026-01-17T05:12:10","slug":"cos","status":"publish","type":"page","link":"https:\/\/salononline.ro\/salondemo\/cos\/","title":{"rendered":"Co\u0219"},"content":{"rendered":"\n<div data-block-name=\"woocommerce\/cart\" class=\"wp-block-woocommerce-cart alignwide is-loading\">\n<div data-block-name=\"woocommerce\/filled-cart-block\" class=\"wp-block-woocommerce-filled-cart-block\">\n<div data-block-name=\"woocommerce\/cart-items-block\" class=\"wp-block-woocommerce-cart-items-block\">\n<div data-block-name=\"woocommerce\/cart-line-items-block\" class=\"wp-block-woocommerce-cart-line-items-block\"><\/div>\n\n\n<\/div>\n\n\n\n\n<div data-block-name=\"woocommerce\/cart-totals-block\" class=\"wp-block-woocommerce-cart-totals-block\">\n<div data-block-name=\"woocommerce\/cart-order-summary-block\" class=\"wp-block-woocommerce-cart-order-summary-block\">\n<div data-block-name=\"woocommerce\/cart-order-summary-heading-block\" class=\"wp-block-woocommerce-cart-order-summary-heading-block\"><\/div><div data-block-name=\"woocommerce\/cart-order-summary-coupon-form-block\" class=\"wp-block-woocommerce-cart-order-summary-coupon-form-block\"><\/div><div data-block-name=\"woocommerce\/cart-order-summary-totals-block\" class=\"wp-block-woocommerce-cart-order-summary-totals-block\">\n<div data-block-name=\"woocommerce\/cart-order-summary-subtotal-block\" class=\"wp-block-woocommerce-cart-order-summary-subtotal-block\"><\/div>\n<div data-block-name=\"woocommerce\/cart-order-summary-discount-block\" class=\"wp-block-woocommerce-cart-order-summary-discount-block\"><\/div>\n<div data-block-name=\"woocommerce\/cart-order-summary-fee-block\" class=\"wp-block-woocommerce-cart-order-summary-fee-block\"><\/div>\n<div data-block-name=\"woocommerce\/cart-order-summary-shipping-block\" class=\"wp-block-woocommerce-cart-order-summary-shipping-block\"><\/div>\n<div data-block-name=\"woocommerce\/cart-order-summary-taxes-block\" class=\"wp-block-woocommerce-cart-order-summary-taxes-block\"><\/div><\/div>\n<\/div>\n\n\n\n<div data-block-name=\"woocommerce\/cart-express-payment-block\" class=\"wp-block-woocommerce-cart-express-payment-block\"><\/div>\n\n\n\n<div data-block-name=\"woocommerce\/proceed-to-checkout-block\" class=\"wp-block-woocommerce-proceed-to-checkout-block\"><\/div>\n\n\n\n<div data-block-name=\"woocommerce\/cart-accepted-payment-methods-block\" class=\"wp-block-woocommerce-cart-accepted-payment-methods-block\"><\/div>\n<\/div>\n<\/div>\n\n\n\n<div data-block-name=\"woocommerce\/empty-cart-block\" class=\"wp-block-woocommerce-empty-cart-block\">\n<h2 class=\"wp-block-heading has-text-align-center with-empty-cart-icon wc-block-cart__empty-cart__title\">Co\u0219ul t\u0103u este gol acum!<\/h2>\n\n\n\n<hr class=\"wp-block-separator has-alpha-channel-opacity is-style-dots\"\/>\n\n\n\n<h2 class=\"wp-block-heading has-text-align-center\">Nout\u0103\u021bi \u00een magazin<\/h2>\n\n\n<div data-block-name=\"woocommerce\/product-new\" data-columns=\"4\" data-rows=\"1\" class=\"wc-block-grid wp-block-product-new wp-block-woocommerce-product-new wc-block-product-new has-4-columns\"><ul class=\"wc-block-grid__products\"><li class=\"wc-block-grid__product\">\n\t\t\t\t<a href=\"https:\/\/salononline.ro\/salondemo\/produs\/troller-make-up-pro-cand-organizarea-ta-incepe-sa-arate-la-nivel-profesionist\/\" class=\"wc-block-grid__product-link\">\n\t\t\t\t\t\n\t\t\t\t\t<div class=\"wc-block-grid__product-image\"><img fetchpriority=\"high\" decoding=\"async\" width=\"300\" height=\"300\" src=\"https:\/\/salononline.ro\/salondemo\/wp-content\/uploads\/sites\/5\/2026\/01\/trolerpro-300x300.jpg\" class=\"attachment-woocommerce_thumbnail size-woocommerce_thumbnail\" alt=\"Troller Make-Up PRO \u2013 c\u00e2nd organizarea ta \u00eencepe s\u0103 arate la nivel profesionist\" srcset=\"https:\/\/salononline.ro\/salondemo\/wp-content\/uploads\/sites\/5\/2026\/01\/trolerpro-300x300.jpg 300w, https:\/\/salononline.ro\/salondemo\/wp-content\/uploads\/sites\/5\/2026\/01\/trolerpro-150x150.jpg 150w, https:\/\/salononline.ro\/salondemo\/wp-content\/uploads\/sites\/5\/2026\/01\/trolerpro-100x100.jpg 100w\" sizes=\"(max-width: 300px) 100vw, 300px\" \/><\/div>\n\t\t\t\t\t<div class=\"wc-block-grid__product-title\">Troller Make-Up PRO \u2013 c\u00e2nd organizarea ta \u00eencepe s\u0103 arate la nivel profesionist<\/div>\n\t\t\t\t<\/a>\n\t\t\t\t<div class=\"wc-block-grid__product-price price\"><\/div>\n\t\t\t\t\n\t\t\t\t<div class=\"wp-block-button wc-block-grid__product-add-to-cart\"><a href=\"https:\/\/event.2performant.com\/events\/click?ad_type=quicklink&#038;aff_code=61b1f4f91&#038;unique=be42df24f&#038;redirect_to=https%253A\/\/www.cupio.ro\/troller-make-up-pro\" aria-label=\"Cump\u0103r\u0103 &bdquo;Troller Make-Up PRO \u2013 c\u00e2nd organizarea ta \u00eencepe s\u0103 arate la nivel profesionist&rdquo;\" data-quantity=\"1\" data-product_id=\"197\" data-product_sku=\"\" data-price=\"0\" rel=\"nofollow\" class=\"wp-block-button__link  add_to_cart_button\">Cump\u0103r\u0103 produsul<\/a><\/div>\n\t\t\t<\/li><li class=\"wc-block-grid__product\">\n\t\t\t\t<a href=\"https:\/\/salononline.ro\/salondemo\/produs\/transforma-ti-spatiul-de-lucru-intr-un-studio-care-inspira-profesionalism\/\" class=\"wc-block-grid__product-link\">\n\t\t\t\t\t\n\t\t\t\t\t<div class=\"wc-block-grid__product-image\"><img decoding=\"async\" width=\"300\" height=\"300\" src=\"https:\/\/salononline.ro\/salondemo\/wp-content\/uploads\/sites\/5\/2026\/01\/masa-300x300.jpg\" class=\"attachment-woocommerce_thumbnail size-woocommerce_thumbnail\" alt=\"Transform\u0103-\u021bi spa\u021biul de lucru \u00eentr-un studio care inspir\u0103 profesionalism\" srcset=\"https:\/\/salononline.ro\/salondemo\/wp-content\/uploads\/sites\/5\/2026\/01\/masa-300x300.jpg 300w, https:\/\/salononline.ro\/salondemo\/wp-content\/uploads\/sites\/5\/2026\/01\/masa-150x150.jpg 150w, https:\/\/salononline.ro\/salondemo\/wp-content\/uploads\/sites\/5\/2026\/01\/masa-100x100.jpg 100w\" sizes=\"(max-width: 300px) 100vw, 300px\" \/><\/div>\n\t\t\t\t\t<div class=\"wc-block-grid__product-title\">Transform\u0103-\u021bi spa\u021biul de lucru \u00eentr-un studio care inspir\u0103 profesionalism<\/div>\n\t\t\t\t<\/a>\n\t\t\t\t<div class=\"wc-block-grid__product-price price\"><\/div>\n\t\t\t\t<div class=\"wc-block-grid__product-rating\"><div class=\"rh_woo_star\" title=\"Rated 5 out of 5\"><span class=\"rhwoostar rhwoostar1 active\">&#9733;<\/span><span class=\"rhwoostar rhwoostar2 active\">&#9733;<\/span><span class=\"rhwoostar rhwoostar3 active\">&#9733;<\/span><span class=\"rhwoostar rhwoostar4 active\">&#9733;<\/span><span class=\"rhwoostar rhwoostar5 active\">&#9733;<\/span><\/div><\/div>\n\t\t\t\t<div class=\"wp-block-button wc-block-grid__product-add-to-cart\"><a href=\"https:\/\/event.2performant.com\/events\/click?ad_type=quicklink&#038;aff_code=61b1f4f91&#038;unique=be42df24f&#038;redirect_to=https%253A\/\/www.cupio.ro\/masa-pentru-manichiura-luxe-studio\" aria-label=\"Cump\u0103r\u0103 &bdquo;Transform\u0103-\u021bi spa\u021biul de lucru \u00eentr-un studio care inspir\u0103 profesionalism&rdquo;\" data-quantity=\"1\" data-product_id=\"195\" data-product_sku=\"\" data-price=\"0\" rel=\"nofollow\" class=\"wp-block-button__link  add_to_cart_button\">Cump\u0103r\u0103 produsul<\/a><\/div>\n\t\t\t<\/li><\/ul><\/div><\/div>\n<\/div>\n","protected":false},"excerpt":{"rendered":"","protected":false},"author":1,"featured_media":0,"parent":0,"menu_order":0,"comment_status":"closed","ping_status":"closed","template":"template-systempages.php","meta":{"footnotes":""},"class_list":["post-5","page","type-page","status-publish","hentry"],"yoast_head":"<!-- This site is optimized with the Yoast SEO plugin v27.4 - https:\/\/yoast.com\/product\/yoast-seo-wordpress\/ -->\n<title>Co\u0219 - Salon Beauty - DEMO<\/title>\n<meta name=\"robots\" content=\"index, follow, max-snippet:-1, max-image-preview:large, max-video-preview:-1\" \/>\n<link rel=\"canonical\" href=\"https:\/\/salononline.ro\/salondemo\/cos\/\" \/>\n<meta property=\"og:locale\" content=\"ro_RO\" \/>\n<meta property=\"og:type\" content=\"article\" \/>\n<meta property=\"og:title\" content=\"Co\u0219 - Salon Beauty - DEMO\" \/>\n<meta property=\"og:url\" content=\"https:\/\/salononline.ro\/salondemo\/cos\/\" \/>\n<meta property=\"og:site_name\" content=\"Salon Beauty - DEMO\" \/>\n<meta property=\"article:modified_time\" content=\"2026-01-17T05:12:10+00:00\" \/>\n<meta name=\"twitter:card\" content=\"summary_large_image\" \/>\n<script type=\"application\/ld+json\" class=\"yoast-schema-graph\">{\"@context\":\"https:\\\/\\\/schema.org\",\"@graph\":[{\"@type\":\"WebPage\",\"@id\":\"https:\\\/\\\/salononline.ro\\\/salondemo\\\/cos\\\/\",\"url\":\"https:\\\/\\\/salononline.ro\\\/salondemo\\\/cos\\\/\",\"name\":\"Co\u0219 - Salon Beauty - DEMO\",\"isPartOf\":{\"@id\":\"https:\\\/\\\/salononline.ro\\\/salondemo\\\/#website\"},\"datePublished\":\"2026-01-16T16:56:16+00:00\",\"dateModified\":\"2026-01-17T05:12:10+00:00\",\"breadcrumb\":{\"@id\":\"https:\\\/\\\/salononline.ro\\\/salondemo\\\/cos\\\/#breadcrumb\"},\"inLanguage\":\"ro-RO\",\"potentialAction\":[{\"@type\":\"ReadAction\",\"target\":[\"https:\\\/\\\/salononline.ro\\\/salondemo\\\/cos\\\/\"]}]},{\"@type\":\"BreadcrumbList\",\"@id\":\"https:\\\/\\\/salononline.ro\\\/salondemo\\\/cos\\\/#breadcrumb\",\"itemListElement\":[{\"@type\":\"ListItem\",\"position\":1,\"name\":\"Prima pagin\u0103\",\"item\":\"https:\\\/\\\/salononline.ro\\\/salondemo\\\/\"},{\"@type\":\"ListItem\",\"position\":2,\"name\":\"Co\u0219\"}]},{\"@type\":\"WebSite\",\"@id\":\"https:\\\/\\\/salononline.ro\\\/salondemo\\\/#website\",\"url\":\"https:\\\/\\\/salononline.ro\\\/salondemo\\\/\",\"name\":\"Salon Beauty - DEMO\",\"description\":\"\",\"publisher\":{\"@id\":\"https:\\\/\\\/salononline.ro\\\/salondemo\\\/#organization\"},\"potentialAction\":[{\"@type\":\"SearchAction\",\"target\":{\"@type\":\"EntryPoint\",\"urlTemplate\":\"https:\\\/\\\/salononline.ro\\\/salondemo\\\/?s={search_term_string}\"},\"query-input\":{\"@type\":\"PropertyValueSpecification\",\"valueRequired\":true,\"valueName\":\"search_term_string\"}}],\"inLanguage\":\"ro-RO\"},{\"@type\":\"Organization\",\"@id\":\"https:\\\/\\\/salononline.ro\\\/salondemo\\\/#organization\",\"name\":\"Salon Beauty - DEMO\",\"url\":\"https:\\\/\\\/salononline.ro\\\/salondemo\\\/\",\"logo\":{\"@type\":\"ImageObject\",\"inLanguage\":\"ro-RO\",\"@id\":\"https:\\\/\\\/salononline.ro\\\/salondemo\\\/#\\\/schema\\\/logo\\\/image\\\/\",\"url\":\"https:\\\/\\\/salononline.ro\\\/salondemo\\\/wp-content\\\/uploads\\\/sites\\\/5\\\/2026\\\/01\\\/salon-demo-so-2.png\",\"contentUrl\":\"https:\\\/\\\/salononline.ro\\\/salondemo\\\/wp-content\\\/uploads\\\/sites\\\/5\\\/2026\\\/01\\\/salon-demo-so-2.png\",\"width\":280,\"height\":86,\"caption\":\"Salon Beauty - DEMO\"},\"image\":{\"@id\":\"https:\\\/\\\/salononline.ro\\\/salondemo\\\/#\\\/schema\\\/logo\\\/image\\\/\"}}]}<\/script>\n<!-- \/ Yoast SEO plugin. -->","yoast_head_json":{"title":"Co\u0219 - Salon Beauty - DEMO","robots":{"index":"index","follow":"follow","max-snippet":"max-snippet:-1","max-image-preview":"max-image-preview:large","max-video-preview":"max-video-preview:-1"},"canonical":"https:\/\/salononline.ro\/salondemo\/cos\/","og_locale":"ro_RO","og_type":"article","og_title":"Co\u0219 - Salon Beauty - DEMO","og_url":"https:\/\/salononline.ro\/salondemo\/cos\/","og_site_name":"Salon Beauty - DEMO","article_modified_time":"2026-01-17T05:12:10+00:00","twitter_card":"summary_large_image","schema":{"@context":"https:\/\/schema.org","@graph":[{"@type":"WebPage","@id":"https:\/\/salononline.ro\/salondemo\/cos\/","url":"https:\/\/salononline.ro\/salondemo\/cos\/","name":"Co\u0219 - Salon Beauty - DEMO","isPartOf":{"@id":"https:\/\/salononline.ro\/salondemo\/#website"},"datePublished":"2026-01-16T16:56:16+00:00","dateModified":"2026-01-17T05:12:10+00:00","breadcrumb":{"@id":"https:\/\/salononline.ro\/salondemo\/cos\/#breadcrumb"},"inLanguage":"ro-RO","potentialAction":[{"@type":"ReadAction","target":["https:\/\/salononline.ro\/salondemo\/cos\/"]}]},{"@type":"BreadcrumbList","@id":"https:\/\/salononline.ro\/salondemo\/cos\/#breadcrumb","itemListElement":[{"@type":"ListItem","position":1,"name":"Prima pagin\u0103","item":"https:\/\/salononline.ro\/salondemo\/"},{"@type":"ListItem","position":2,"name":"Co\u0219"}]},{"@type":"WebSite","@id":"https:\/\/salononline.ro\/salondemo\/#website","url":"https:\/\/salononline.ro\/salondemo\/","name":"Salon Beauty - DEMO","description":"","publisher":{"@id":"https:\/\/salononline.ro\/salondemo\/#organization"},"potentialAction":[{"@type":"SearchAction","target":{"@type":"EntryPoint","urlTemplate":"https:\/\/salononline.ro\/salondemo\/?s={search_term_string}"},"query-input":{"@type":"PropertyValueSpecification","valueRequired":true,"valueName":"search_term_string"}}],"inLanguage":"ro-RO"},{"@type":"Organization","@id":"https:\/\/salononline.ro\/salondemo\/#organization","name":"Salon Beauty - DEMO","url":"https:\/\/salononline.ro\/salondemo\/","logo":{"@type":"ImageObject","inLanguage":"ro-RO","@id":"https:\/\/salononline.ro\/salondemo\/#\/schema\/logo\/image\/","url":"https:\/\/salononline.ro\/salondemo\/wp-content\/uploads\/sites\/5\/2026\/01\/salon-demo-so-2.png","contentUrl":"https:\/\/salononline.ro\/salondemo\/wp-content\/uploads\/sites\/5\/2026\/01\/salon-demo-so-2.png","width":280,"height":86,"caption":"Salon Beauty - DEMO"},"image":{"@id":"https:\/\/salononline.ro\/salondemo\/#\/schema\/logo\/image\/"}}]}},"_links":{"self":[{"href":"https:\/\/salononline.ro\/salondemo\/wp-json\/wp\/v2\/pages\/5","targetHints":{"allow":["GET"]}}],"collection":[{"href":"https:\/\/salononline.ro\/salondemo\/wp-json\/wp\/v2\/pages"}],"about":[{"href":"https:\/\/salononline.ro\/salondemo\/wp-json\/wp\/v2\/types\/page"}],"author":[{"embeddable":true,"href":"https:\/\/salononline.ro\/salondemo\/wp-json\/wp\/v2\/users\/1"}],"replies":[{"embeddable":true,"href":"https:\/\/salononline.ro\/salondemo\/wp-json\/wp\/v2\/comments?post=5"}],"version-history":[{"count":1,"href":"https:\/\/salononline.ro\/salondemo\/wp-json\/wp\/v2\/pages\/5\/revisions"}],"predecessor-version":[{"id":194,"href":"https:\/\/salononline.ro\/salondemo\/wp-json\/wp\/v2\/pages\/5\/revisions\/194"}],"wp:attachment":[{"href":"https:\/\/salononline.ro\/salondemo\/wp-json\/wp\/v2\/media?parent=5"}],"curies":[{"name":"wp","href":"https:\/\/api.w.org\/{rel}","templated":true}]}}