{"id":304,"date":"2026-01-18T08:44:36","date_gmt":"2026-01-18T06:44:36","guid":{"rendered":"https:\/\/salononline.ro\/salondemo\/?page_id=304"},"modified":"2026-01-18T09:05:50","modified_gmt":"2026-01-18T07:05:50","slug":"contact","status":"publish","type":"page","link":"https:\/\/salononline.ro\/salondemo\/contact\/","title":{"rendered":"Contact"},"content":{"rendered":"\t\t<div data-elementor-type=\"wp-page\" data-elementor-id=\"304\" class=\"elementor elementor-304\">\n\t\t\t\t<div class=\"elementor-element elementor-element-b5247ca e-flex e-con-boxed e-con e-parent\" data-id=\"b5247ca\" data-element_type=\"container\" data-e-type=\"container\">\n\t\t\t\t\t<div class=\"e-con-inner\">\n\t\t\t\t<div class=\"elementor-element elementor-element-b86f231 elementor-widget elementor-widget-heading\" data-id=\"b86f231\" data-element_type=\"widget\" data-e-type=\"widget\" data-widget_type=\"heading.default\">\n\t\t\t\t\t<h1 class=\"elementor-heading-title elementor-size-default\">Contact<\/h1>\t\t\t\t<\/div>\n\t\t\t\t<div class=\"elementor-element elementor-element-b8c9640 elementor-widget elementor-widget-text-editor\" data-id=\"b8c9640\" data-element_type=\"widget\" data-e-type=\"widget\" data-widget_type=\"text-editor.default\">\n\t\t\t\t\t\t\t\t\tTe a\u0219tept\u0103m cu drag la Beauty Salon.\nSuntem aici pentru program\u0103ri, \u00eentreb\u0103ri sau orice informa\u021bie ai nevoie. Ne po\u021bi contacta u\u0219or, iar dac\u0103 vrei s\u0103 ne vizitezi, te a\u0219tept\u0103m \u00eentr-un spa\u021biu g\u00e2ndit pentru confort, relaxare \u0219i grij\u0103 pentru tine.\t\t\t\t\t\t\t\t<\/div>\n\t\t\t\t\t<\/div>\n\t\t\t\t<\/div>\n\t\t\t\t<section class=\"elementor-section elementor-top-section elementor-element elementor-element-490c607a elementor-section-boxed elementor-section-height-default elementor-section-height-default\" data-id=\"490c607a\" data-element_type=\"section\" data-e-type=\"section\">\n\t\t\t\t\t\t<div class=\"elementor-container elementor-column-gap-no\">\n\t\t\t\t\t<div class=\"elementor-column elementor-col-33 elementor-top-column elementor-element elementor-element-639c04bc elementor-invisible\" data-id=\"639c04bc\" data-element_type=\"column\" data-e-type=\"column\" data-settings=\"{&quot;animation&quot;:&quot;fadeInLeft&quot;}\">\n\t\t\t<div class=\"elementor-widget-wrap elementor-element-populated\">\n\t\t\t\t\t\t<div class=\"elementor-element elementor-element-2a4a2ba4 eael-infobox-icon-bg-shape-none eael-infobox-icon-hover-bg-shape-none elementor-widget elementor-widget-eael-info-box\" data-id=\"2a4a2ba4\" data-element_type=\"widget\" data-e-type=\"widget\" data-widget_type=\"eael-info-box.default\">\n\t\t\t\t\t        <div class=\"eael-infobox icon-on-left\">\n\t            <div class=\"infobox-icon eael-icon-only\">\n\n            \n                            <div class=\"infobox-icon-wrap\">\n                    <svg aria-hidden=\"true\" class=\"e-font-icon-svg e-fas-map-pin\" viewBox=\"0 0 288 512\" xmlns=\"http:\/\/www.w3.org\/2000\/svg\"><path d=\"M112 316.94v156.69l22.02 33.02c4.75 7.12 15.22 7.12 19.97 0L176 473.63V316.94c-10.39 1.92-21.06 3.06-32 3.06s-21.61-1.14-32-3.06zM144 0C64.47 0 0 64.47 0 144s64.47 144 144 144 144-64.47 144-144S223.53 0 144 0zm0 76c-37.5 0-68 30.5-68 68 0 6.62-5.38 12-12 12s-12-5.38-12-12c0-50.73 41.28-92 92-92 6.62 0 12 5.38 12 12s-5.38 12-12 12z\"><\/path><\/svg>                <\/div>\n            \n            \n        <\/div>\n            <div class=\"infobox-content eael-icon-only\">\n                    <div class=\"infobox-title-section\">\n                <h2 class=\"title\">Adresa<\/h2>            <\/div>\n            <div><p>221B Baker Street, Bucuresti<\/p><\/div>        <\/div>\n            <\/div>\n\n\t\t\t\t\t\t<\/div>\n\t\t\t\t\t<\/div>\n\t\t<\/div>\n\t\t\t\t<div class=\"elementor-column elementor-col-33 elementor-top-column elementor-element elementor-element-7f1bdfcf elementor-invisible\" data-id=\"7f1bdfcf\" data-element_type=\"column\" data-e-type=\"column\" data-settings=\"{&quot;animation&quot;:&quot;zoomIn&quot;}\">\n\t\t\t<div class=\"elementor-widget-wrap elementor-element-populated\">\n\t\t\t\t\t\t<div class=\"elementor-element elementor-element-67615e93 eael-infobox-icon-bg-shape-none eael-infobox-icon-hover-bg-shape-none elementor-widget elementor-widget-eael-info-box\" data-id=\"67615e93\" data-element_type=\"widget\" data-e-type=\"widget\" data-widget_type=\"eael-info-box.default\">\n\t\t\t\t\t        <div class=\"eael-infobox icon-on-left\">\n\t            <div class=\"infobox-icon eael-icon-only\">\n\n            \n                            <div class=\"infobox-icon-wrap\">\n                    <svg aria-hidden=\"true\" class=\"e-font-icon-svg e-far-compass\" viewBox=\"0 0 496 512\" xmlns=\"http:\/\/www.w3.org\/2000\/svg\"><path d=\"M347.94 129.86L203.6 195.83a31.938 31.938 0 0 0-15.77 15.77l-65.97 144.34c-7.61 16.65 9.54 33.81 26.2 26.2l144.34-65.97a31.938 31.938 0 0 0 15.77-15.77l65.97-144.34c7.61-16.66-9.54-33.81-26.2-26.2zm-77.36 148.72c-12.47 12.47-32.69 12.47-45.16 0-12.47-12.47-12.47-32.69 0-45.16 12.47-12.47 32.69-12.47 45.16 0 12.47 12.47 12.47 32.69 0 45.16zM248 8C111.03 8 0 119.03 0 256s111.03 248 248 248 248-111.03 248-248S384.97 8 248 8zm0 448c-110.28 0-200-89.72-200-200S137.72 56 248 56s200 89.72 200 200-89.72 200-200 200z\"><\/path><\/svg>                <\/div>\n            \n            \n        <\/div>\n            <div class=\"infobox-content eael-icon-only\">\n                    <div class=\"infobox-title-section\">\n                <h2 class=\"title\">Beauty Salon SRL<\/h2>            <\/div>\n            <div><p>CUI:<br \/>J:<\/p><\/div>        <\/div>\n            <\/div>\n\n\t\t\t\t\t\t<\/div>\n\t\t\t\t\t<\/div>\n\t\t<\/div>\n\t\t\t\t<div class=\"elementor-column elementor-col-33 elementor-top-column elementor-element elementor-element-157a9c2a elementor-invisible\" data-id=\"157a9c2a\" data-element_type=\"column\" data-e-type=\"column\" data-settings=\"{&quot;animation&quot;:&quot;fadeInRight&quot;}\">\n\t\t\t<div class=\"elementor-widget-wrap elementor-element-populated\">\n\t\t\t\t\t\t<div class=\"elementor-element elementor-element-60765c77 eael-infobox-icon-bg-shape-none eael-infobox-icon-hover-bg-shape-none elementor-widget elementor-widget-eael-info-box\" data-id=\"60765c77\" data-element_type=\"widget\" data-e-type=\"widget\" data-widget_type=\"eael-info-box.default\">\n\t\t\t\t\t        <div class=\"eael-infobox icon-on-left\">\n\t            <div class=\"infobox-icon eael-icon-only\">\n\n            \n                            <div class=\"infobox-icon-wrap\">\n                    <svg aria-hidden=\"true\" class=\"e-font-icon-svg e-fas-mobile-alt\" viewBox=\"0 0 320 512\" xmlns=\"http:\/\/www.w3.org\/2000\/svg\"><path d=\"M272 0H48C21.5 0 0 21.5 0 48v416c0 26.5 21.5 48 48 48h224c26.5 0 48-21.5 48-48V48c0-26.5-21.5-48-48-48zM160 480c-17.7 0-32-14.3-32-32s14.3-32 32-32 32 14.3 32 32-14.3 32-32 32zm112-108c0 6.6-5.4 12-12 12H60c-6.6 0-12-5.4-12-12V60c0-6.6 5.4-12 12-12h200c6.6 0 12 5.4 12 12v312z\"><\/path><\/svg>                <\/div>\n            \n            \n        <\/div>\n            <div class=\"infobox-content eael-icon-only\">\n                    <div class=\"infobox-title-section\">\n                <h2 class=\"title\">Telefon<\/h2>            <\/div>\n            <div><p>+ 0123 444 7789 <br \/>+ 0123 444 7789<\/p><\/div>        <\/div>\n            <\/div>\n\n\t\t\t\t\t\t<\/div>\n\t\t\t\t\t<\/div>\n\t\t<\/div>\n\t\t\t\t\t<\/div>\n\t\t<\/section>\n\t\t\t\t<section class=\"elementor-section elementor-top-section elementor-element elementor-element-7dea1856 elementor-section-full_width elementor-section-height-default elementor-section-height-default\" data-id=\"7dea1856\" data-element_type=\"section\" data-e-type=\"section\">\n\t\t\t\t\t\t<div class=\"elementor-container elementor-column-gap-no\">\n\t\t\t\t\t<div class=\"elementor-column elementor-col-100 elementor-top-column elementor-element elementor-element-2bc51018\" data-id=\"2bc51018\" data-element_type=\"column\" data-e-type=\"column\">\n\t\t\t<div class=\"elementor-widget-wrap elementor-element-populated\">\n\t\t\t\t\t\t<div class=\"elementor-element elementor-element-4889f67e elementor-widget elementor-widget-google_maps\" data-id=\"4889f67e\" data-element_type=\"widget\" data-e-type=\"widget\" data-widget_type=\"google_maps.default\">\n\t\t\t\t\t\t\t<div class=\"elementor-custom-embed\">\n\t\t\t<iframe loading=\"lazy\"\n\t\t\t\t\tsrc=\"https:\/\/maps.google.com\/maps?q=Muzeul%20Na%C8%9Bional%20de%20Art%C4%83%20Contemporan%C4%83%20al%20Rom%C3%A2niei&#038;t=m&#038;z=17&#038;output=embed&#038;iwloc=near\"\n\t\t\t\t\ttitle=\"Muzeul Na\u021bional de Art\u0103 Contemporan\u0103 al Rom\u00e2niei\"\n\t\t\t\t\taria-label=\"Muzeul Na\u021bional de Art\u0103 Contemporan\u0103 al Rom\u00e2niei\"\n\t\t\t><\/iframe>\n\t\t<\/div>\n\t\t\t\t\t\t<\/div>\n\t\t\t\t\t<\/div>\n\t\t<\/div>\n\t\t\t\t\t<\/div>\n\t\t<\/section>\n\t\t\t\t<\/div>\n\t\t","protected":false},"excerpt":{"rendered":"<p>Contact Te a\u0219tept\u0103m cu drag la Beauty Salon. Suntem aici pentru program\u0103ri, \u00eentreb\u0103ri sau orice informa\u021bie ai nevoie. Ne po\u021bi contacta u\u0219or, iar dac\u0103 vrei s\u0103 ne vizitezi, te a\u0219tept\u0103m \u00eentr-un spa\u021biu g\u00e2ndit pentru confort, relaxare \u0219i grij\u0103 pentru tine. Adresa 221B Baker Street, Bucuresti Beauty Salon SRL CUI:J: Telefon + 0123 444 7789 + [&hellip;]<\/p>\n","protected":false},"author":1,"featured_media":0,"parent":0,"menu_order":0,"comment_status":"closed","ping_status":"closed","template":"elementor_header_footer","meta":{"footnotes":""},"class_list":["post-304","page","type-page","status-publish","hentry"],"yoast_head":"<!-- This site is optimized with the Yoast SEO plugin v27.4 - https:\/\/yoast.com\/product\/yoast-seo-wordpress\/ -->\n<title>Contact - Salon Beauty - DEMO<\/title>\n<meta name=\"robots\" content=\"index, follow, max-snippet:-1, max-image-preview:large, max-video-preview:-1\" \/>\n<link rel=\"canonical\" href=\"https:\/\/salononline.ro\/salondemo\/contact\/\" \/>\n<meta property=\"og:locale\" content=\"ro_RO\" \/>\n<meta property=\"og:type\" content=\"article\" \/>\n<meta property=\"og:title\" content=\"Contact - Salon Beauty - DEMO\" \/>\n<meta property=\"og:description\" content=\"Contact Te a\u0219tept\u0103m cu drag la Beauty Salon. Suntem aici pentru program\u0103ri, \u00eentreb\u0103ri sau orice informa\u021bie ai nevoie. Ne po\u021bi contacta u\u0219or, iar dac\u0103 vrei s\u0103 ne vizitezi, te a\u0219tept\u0103m \u00eentr-un spa\u021biu g\u00e2ndit pentru confort, relaxare \u0219i grij\u0103 pentru tine. Adresa 221B Baker Street, Bucuresti Beauty Salon SRL CUI:J: Telefon + 0123 444 7789 + [&hellip;]\" \/>\n<meta property=\"og:url\" content=\"https:\/\/salononline.ro\/salondemo\/contact\/\" \/>\n<meta property=\"og:site_name\" content=\"Salon Beauty - DEMO\" \/>\n<meta property=\"article:modified_time\" content=\"2026-01-18T07:05:50+00:00\" \/>\n<meta name=\"twitter:card\" content=\"summary_large_image\" \/>\n<meta name=\"twitter:label1\" content=\"Timp estimat pentru citire\" \/>\n\t<meta name=\"twitter:data1\" content=\"1 minut\" \/>\n<script type=\"application\/ld+json\" class=\"yoast-schema-graph\">{\"@context\":\"https:\\\/\\\/schema.org\",\"@graph\":[{\"@type\":\"WebPage\",\"@id\":\"https:\\\/\\\/salononline.ro\\\/salondemo\\\/contact\\\/\",\"url\":\"https:\\\/\\\/salononline.ro\\\/salondemo\\\/contact\\\/\",\"name\":\"Contact - Salon Beauty - DEMO\",\"isPartOf\":{\"@id\":\"https:\\\/\\\/salononline.ro\\\/salondemo\\\/#website\"},\"datePublished\":\"2026-01-18T06:44:36+00:00\",\"dateModified\":\"2026-01-18T07:05:50+00:00\",\"breadcrumb\":{\"@id\":\"https:\\\/\\\/salononline.ro\\\/salondemo\\\/contact\\\/#breadcrumb\"},\"inLanguage\":\"ro-RO\",\"potentialAction\":[{\"@type\":\"ReadAction\",\"target\":[\"https:\\\/\\\/salononline.ro\\\/salondemo\\\/contact\\\/\"]}]},{\"@type\":\"BreadcrumbList\",\"@id\":\"https:\\\/\\\/salononline.ro\\\/salondemo\\\/contact\\\/#breadcrumb\",\"itemListElement\":[{\"@type\":\"ListItem\",\"position\":1,\"name\":\"Prima pagin\u0103\",\"item\":\"https:\\\/\\\/salononline.ro\\\/salondemo\\\/\"},{\"@type\":\"ListItem\",\"position\":2,\"name\":\"Contact\"}]},{\"@type\":\"WebSite\",\"@id\":\"https:\\\/\\\/salononline.ro\\\/salondemo\\\/#website\",\"url\":\"https:\\\/\\\/salononline.ro\\\/salondemo\\\/\",\"name\":\"Salon Beauty - DEMO\",\"description\":\"\",\"publisher\":{\"@id\":\"https:\\\/\\\/salononline.ro\\\/salondemo\\\/#organization\"},\"potentialAction\":[{\"@type\":\"SearchAction\",\"target\":{\"@type\":\"EntryPoint\",\"urlTemplate\":\"https:\\\/\\\/salononline.ro\\\/salondemo\\\/?s={search_term_string}\"},\"query-input\":{\"@type\":\"PropertyValueSpecification\",\"valueRequired\":true,\"valueName\":\"search_term_string\"}}],\"inLanguage\":\"ro-RO\"},{\"@type\":\"Organization\",\"@id\":\"https:\\\/\\\/salononline.ro\\\/salondemo\\\/#organization\",\"name\":\"Salon Beauty - DEMO\",\"url\":\"https:\\\/\\\/salononline.ro\\\/salondemo\\\/\",\"logo\":{\"@type\":\"ImageObject\",\"inLanguage\":\"ro-RO\",\"@id\":\"https:\\\/\\\/salononline.ro\\\/salondemo\\\/#\\\/schema\\\/logo\\\/image\\\/\",\"url\":\"https:\\\/\\\/salononline.ro\\\/salondemo\\\/wp-content\\\/uploads\\\/sites\\\/5\\\/2026\\\/01\\\/salon-demo-so-2.png\",\"contentUrl\":\"https:\\\/\\\/salononline.ro\\\/salondemo\\\/wp-content\\\/uploads\\\/sites\\\/5\\\/2026\\\/01\\\/salon-demo-so-2.png\",\"width\":280,\"height\":86,\"caption\":\"Salon Beauty - DEMO\"},\"image\":{\"@id\":\"https:\\\/\\\/salononline.ro\\\/salondemo\\\/#\\\/schema\\\/logo\\\/image\\\/\"}}]}<\/script>\n<!-- \/ Yoast SEO plugin. -->","yoast_head_json":{"title":"Contact - Salon Beauty - DEMO","robots":{"index":"index","follow":"follow","max-snippet":"max-snippet:-1","max-image-preview":"max-image-preview:large","max-video-preview":"max-video-preview:-1"},"canonical":"https:\/\/salononline.ro\/salondemo\/contact\/","og_locale":"ro_RO","og_type":"article","og_title":"Contact - Salon Beauty - DEMO","og_description":"Contact Te a\u0219tept\u0103m cu drag la Beauty Salon. Suntem aici pentru program\u0103ri, \u00eentreb\u0103ri sau orice informa\u021bie ai nevoie. Ne po\u021bi contacta u\u0219or, iar dac\u0103 vrei s\u0103 ne vizitezi, te a\u0219tept\u0103m \u00eentr-un spa\u021biu g\u00e2ndit pentru confort, relaxare \u0219i grij\u0103 pentru tine. Adresa 221B Baker Street, Bucuresti Beauty Salon SRL CUI:J: Telefon + 0123 444 7789 + [&hellip;]","og_url":"https:\/\/salononline.ro\/salondemo\/contact\/","og_site_name":"Salon Beauty - DEMO","article_modified_time":"2026-01-18T07:05:50+00:00","twitter_card":"summary_large_image","twitter_misc":{"Timp estimat pentru citire":"1 minut"},"schema":{"@context":"https:\/\/schema.org","@graph":[{"@type":"WebPage","@id":"https:\/\/salononline.ro\/salondemo\/contact\/","url":"https:\/\/salononline.ro\/salondemo\/contact\/","name":"Contact - Salon Beauty - DEMO","isPartOf":{"@id":"https:\/\/salononline.ro\/salondemo\/#website"},"datePublished":"2026-01-18T06:44:36+00:00","dateModified":"2026-01-18T07:05:50+00:00","breadcrumb":{"@id":"https:\/\/salononline.ro\/salondemo\/contact\/#breadcrumb"},"inLanguage":"ro-RO","potentialAction":[{"@type":"ReadAction","target":["https:\/\/salononline.ro\/salondemo\/contact\/"]}]},{"@type":"BreadcrumbList","@id":"https:\/\/salononline.ro\/salondemo\/contact\/#breadcrumb","itemListElement":[{"@type":"ListItem","position":1,"name":"Prima pagin\u0103","item":"https:\/\/salononline.ro\/salondemo\/"},{"@type":"ListItem","position":2,"name":"Contact"}]},{"@type":"WebSite","@id":"https:\/\/salononline.ro\/salondemo\/#website","url":"https:\/\/salononline.ro\/salondemo\/","name":"Salon Beauty - DEMO","description":"","publisher":{"@id":"https:\/\/salononline.ro\/salondemo\/#organization"},"potentialAction":[{"@type":"SearchAction","target":{"@type":"EntryPoint","urlTemplate":"https:\/\/salononline.ro\/salondemo\/?s={search_term_string}"},"query-input":{"@type":"PropertyValueSpecification","valueRequired":true,"valueName":"search_term_string"}}],"inLanguage":"ro-RO"},{"@type":"Organization","@id":"https:\/\/salononline.ro\/salondemo\/#organization","name":"Salon Beauty - DEMO","url":"https:\/\/salononline.ro\/salondemo\/","logo":{"@type":"ImageObject","inLanguage":"ro-RO","@id":"https:\/\/salononline.ro\/salondemo\/#\/schema\/logo\/image\/","url":"https:\/\/salononline.ro\/salondemo\/wp-content\/uploads\/sites\/5\/2026\/01\/salon-demo-so-2.png","contentUrl":"https:\/\/salononline.ro\/salondemo\/wp-content\/uploads\/sites\/5\/2026\/01\/salon-demo-so-2.png","width":280,"height":86,"caption":"Salon Beauty - DEMO"},"image":{"@id":"https:\/\/salononline.ro\/salondemo\/#\/schema\/logo\/image\/"}}]}},"_links":{"self":[{"href":"https:\/\/salononline.ro\/salondemo\/wp-json\/wp\/v2\/pages\/304","targetHints":{"allow":["GET"]}}],"collection":[{"href":"https:\/\/salononline.ro\/salondemo\/wp-json\/wp\/v2\/pages"}],"about":[{"href":"https:\/\/salononline.ro\/salondemo\/wp-json\/wp\/v2\/types\/page"}],"author":[{"embeddable":true,"href":"https:\/\/salononline.ro\/salondemo\/wp-json\/wp\/v2\/users\/1"}],"replies":[{"embeddable":true,"href":"https:\/\/salononline.ro\/salondemo\/wp-json\/wp\/v2\/comments?post=304"}],"version-history":[{"count":16,"href":"https:\/\/salononline.ro\/salondemo\/wp-json\/wp\/v2\/pages\/304\/revisions"}],"predecessor-version":[{"id":327,"href":"https:\/\/salononline.ro\/salondemo\/wp-json\/wp\/v2\/pages\/304\/revisions\/327"}],"wp:attachment":[{"href":"https:\/\/salononline.ro\/salondemo\/wp-json\/wp\/v2\/media?parent=304"}],"curies":[{"name":"wp","href":"https:\/\/api.w.org\/{rel}","templated":true}]}}