{"id":267,"date":"2026-01-18T07:38:37","date_gmt":"2026-01-18T05:38:37","guid":{"rendered":"https:\/\/salononline.ro\/salondemo\/?page_id=267"},"modified":"2026-03-30T09:42:49","modified_gmt":"2026-03-30T06:42:49","slug":"programari-cosmetice-cu-mariana","status":"publish","type":"page","link":"https:\/\/salononline.ro\/salondemo\/programari-cosmetice-cu-mariana\/","title":{"rendered":"Tratamente cosmetice cu Claudia"},"content":{"rendered":"\t\t<div data-elementor-type=\"wp-page\" data-elementor-id=\"267\" class=\"elementor elementor-267\">\n\t\t\t\t<div class=\"elementor-element elementor-element-c34c275 e-flex e-con-boxed e-con e-parent\" data-id=\"c34c275\" data-element_type=\"container\" data-e-type=\"container\">\n\t\t\t\t\t<div class=\"e-con-inner\">\n\t\t\t\t<div class=\"elementor-element elementor-element-b8d1902 elementor-position-inline-start elementor-view-default elementor-mobile-position-block-start elementor-widget elementor-widget-icon-box\" data-id=\"b8d1902\" data-element_type=\"widget\" data-e-type=\"widget\" data-widget_type=\"icon-box.default\">\n\t\t\t\t\t\t\t<div class=\"elementor-icon-box-wrapper\">\n\n\t\t\t\t\t\t<div class=\"elementor-icon-box-icon\">\n\t\t\t\t<span  class=\"elementor-icon\">\n\t\t\t\t<i aria-hidden=\"true\" class=\"rhicon rhi-info-circle\"><\/i>\t\t\t\t<\/span>\n\t\t\t<\/div>\n\t\t\t\n\t\t\t\t\t\t<div class=\"elementor-icon-box-content\">\n\n\t\t\t\t\n\t\t\t\t\t\t\t\t\t<p class=\"elementor-icon-box-description\">\n\t\t\t\t\t\tAtunci c\u00e2nd angaja\u021bii au o pagin\u0103 proprie, \u00ee\u0219i pot promova serviciile pe re\u021belele sociale, \u0219tiind c\u0103 program\u0103rile ajung direct la ei. Acest lucru cre\u0219te motiva\u021bia \u0219i implicarea \u00een rela\u021bia cu clien\u021bii.\t\t\t\t\t<\/p>\n\t\t\t\t\n\t\t\t<\/div>\n\t\t\t\n\t\t<\/div>\n\t\t\t\t\t\t<\/div>\n\t\t\t\t\t<\/div>\n\t\t\t\t<\/div>\n\t\t<div class=\"elementor-element elementor-element-d082613 e-flex e-con-boxed e-con e-parent\" data-id=\"d082613\" data-element_type=\"container\" data-e-type=\"container\">\n\t\t\t\t\t<div class=\"e-con-inner\">\n\t\t<div class=\"elementor-element elementor-element-bc01dec e-con-full e-flex e-con e-child\" data-id=\"bc01dec\" data-element_type=\"container\" data-e-type=\"container\">\n\t\t\t\t<div class=\"elementor-element elementor-element-6d87b31 elementor-widget elementor-widget-image\" data-id=\"6d87b31\" data-element_type=\"widget\" data-e-type=\"widget\" data-widget_type=\"image.default\">\n\t\t\t\t\t\t\t\t\t\t\t\t\t\t\t<img fetchpriority=\"high\" decoding=\"async\" width=\"769\" height=\"1024\" src=\"https:\/\/salononline.ro\/salondemo\/wp-content\/themes\/rehub-theme\/images\/default\/blank.gif\" data-src=\"https:\/\/salononline.ro\/salondemo\/wp-content\/uploads\/sites\/5\/2026\/01\/persoana-3-769x1024.jpg\" class=\"lazyload attachment-large size-large wp-image-155\" alt=\"\" srcset=\"https:\/\/salononline.ro\/salondemo\/wp-content\/uploads\/sites\/5\/2026\/01\/persoana-3-769x1024.jpg 769w, https:\/\/salononline.ro\/salondemo\/wp-content\/uploads\/sites\/5\/2026\/01\/persoana-3-225x300.jpg 225w, https:\/\/salononline.ro\/salondemo\/wp-content\/uploads\/sites\/5\/2026\/01\/persoana-3-768x1022.jpg 768w, https:\/\/salononline.ro\/salondemo\/wp-content\/uploads\/sites\/5\/2026\/01\/persoana-3-1154x1536.jpg 1154w, https:\/\/salononline.ro\/salondemo\/wp-content\/uploads\/sites\/5\/2026\/01\/persoana-3-1539x2048.jpg 1539w, https:\/\/salononline.ro\/salondemo\/wp-content\/uploads\/sites\/5\/2026\/01\/persoana-3-113x150.jpg 113w, https:\/\/salononline.ro\/salondemo\/wp-content\/uploads\/sites\/5\/2026\/01\/persoana-3-100x133.jpg 100w, https:\/\/salononline.ro\/salondemo\/wp-content\/uploads\/sites\/5\/2026\/01\/persoana-3-263x350.jpg 263w, https:\/\/salononline.ro\/salondemo\/wp-content\/uploads\/sites\/5\/2026\/01\/persoana-3-788x1048.jpg 788w, https:\/\/salononline.ro\/salondemo\/wp-content\/uploads\/sites\/5\/2026\/01\/persoana-3-600x798.jpg 600w, https:\/\/salononline.ro\/salondemo\/wp-content\/uploads\/sites\/5\/2026\/01\/persoana-3.jpg 526w\" sizes=\"(max-width: 769px) 100vw, 769px\" \/>\t\t\t\t\t\t\t\t\t\t\t\t\t\t\t<\/div>\n\t\t\t\t<\/div>\n\t\t<div class=\"elementor-element elementor-element-d1b249d e-con-full e-flex e-con e-child\" data-id=\"d1b249d\" data-element_type=\"container\" data-e-type=\"container\">\n\t\t\t\t<div class=\"elementor-element elementor-element-75b933d elementor-widget elementor-widget-text-editor\" data-id=\"75b933d\" data-element_type=\"widget\" data-e-type=\"widget\" data-widget_type=\"text-editor.default\">\n\t\t\t\t\t\t\t\t\t<p>Claudia este specialist\u0103 \u00een cosmetic\u0103 \u00een cadrul Beauty Salon, pasionat\u0103 de \u00eengrijirea pielii \u0219i de ritualurile care aduc echilibru \u0219i stare de bine. Este inspirat\u0103 de c\u0103r\u021bi despre s\u0103n\u0103tatea pielii, frumuse\u021be natural\u0103 \u0219i lifestyle echilibrat, dar \u0219i de workshopuri \u0219i cursuri de perfec\u021bionare \u00een domeniul cosmeticii.<\/p><p>Este apreciat\u0103 pentru aten\u021bia la detalii, abordarea bl\u00e2nd\u0103 \u0219i capacitatea de a adapta fiecare tratament nevoilor reale ale tenului.<\/p><p>Pentru Claudia, fiecare programare este un moment de relaxare \u0219i grij\u0103, nu doar un serviciu estetic.<\/p>\t\t\t\t\t\t\t\t<\/div>\n\t\t\t\t<\/div>\n\t\t\t\t<div class=\"elementor-element elementor-element-252bc70 elementor-widget elementor-widget-heading\" data-id=\"252bc70\" data-element_type=\"widget\" data-e-type=\"widget\" data-widget_type=\"heading.default\">\n\t\t\t\t\t<span class=\"elementor-heading-title elementor-size-default\">Programeaz\u0103-te la Claudia<\/span>\t\t\t\t<\/div>\n\t\t\t\t<div class=\"elementor-element elementor-element-3fe3041 elementor-position-inline-start elementor-view-default elementor-mobile-position-block-start elementor-widget elementor-widget-icon-box\" data-id=\"3fe3041\" data-element_type=\"widget\" data-e-type=\"widget\" data-widget_type=\"icon-box.default\">\n\t\t\t\t\t\t\t<div class=\"elementor-icon-box-wrapper\">\n\n\t\t\t\t\t\t<div class=\"elementor-icon-box-icon\">\n\t\t\t\t<span  class=\"elementor-icon\">\n\t\t\t\t<i aria-hidden=\"true\" class=\"rhicon rhi-info-circle\"><\/i>\t\t\t\t<\/span>\n\t\t\t<\/div>\n\t\t\t\n\t\t\t\t\t\t<div class=\"elementor-icon-box-content\">\n\n\t\t\t\t\n\t\t\t\t\t\t\t\t\t<p class=\"elementor-icon-box-description\">\n\t\t\t\t\t\tProgram\u0103rile pot fi vizualizate \u0219i gestionate de fiecare angajat din\n  <a href=\"https:\/\/salononline.ro\/salondemo\/pagina-angajat\/\" target=\"_blank\" rel=\"noopener\">\n    <strong>pagina dedicat\u0103<\/strong>\n  <\/a>\n  sau din Google Calendar. Clientul prime\u0219te automat notific\u0103ri pentru fiecare modificare.\t\t\t\t\t<\/p>\n\t\t\t\t\n\t\t\t<\/div>\n\t\t\t\n\t\t<\/div>\n\t\t\t\t\t\t<\/div>\n\t\t<div class=\"elementor-element elementor-element-7a86daf e-con-full e-flex e-con e-child\" data-id=\"7a86daf\" data-element_type=\"container\" data-e-type=\"container\">\n\t\t\t\t<div class=\"elementor-element elementor-element-a81b2d3 elementor-widget elementor-widget-stepbooking\" data-id=\"a81b2d3\" data-element_type=\"widget\" data-e-type=\"widget\" data-widget_type=\"stepbooking.default\">\n\t\t\t\t<div class=\"elementor-widget-container\">\n\t\t\t\t\t\n<script>\n  if (typeof hasAmeliaEntitiesApiCall === 'undefined' && ('' === '' && '' !== '1')) {\n    var hasAmeliaEntitiesApiCall = true;\n  }\n  var ameliaShortcodeData = (typeof ameliaShortcodeData === 'undefined') ? [] : ameliaShortcodeData;\n  ameliaShortcodeData.push(\n    {\n      'hasApiCall': (typeof hasAmeliaEntitiesApiCall !== 'undefined') && hasAmeliaEntitiesApiCall,\n      'trigger': '',\n      'trigger_type': '',\n      'triggered_form': 'sbsNew',\n      'in_dialog': '',\n      'show': '',\n      'counter': '1000',\n      'category': '',\n      'service': '',\n      'employee': '4',\n      'location': '',\n      'package': '',\n      'layout': '2',\n    }\n  );\n\n  var ameliaShortcodeDataTriggered = (typeof ameliaShortcodeDataTriggered === 'undefined') ? [] : ameliaShortcodeDataTriggered;\n  if (ameliaShortcodeData[ameliaShortcodeData.length - 1].trigger !== '') {\n    if (ameliaShortcodeDataTriggered.filter(a => a.counter === ameliaShortcodeData[ameliaShortcodeData.length - 1].counter).length === 0) {\n      ameliaShortcodeDataTriggered.push(ameliaShortcodeData.pop());\n    } else {\n      ameliaShortcodeData.pop()\n    }\n  }\n  if (typeof hasAmeliaEntitiesApiCall !== 'undefined' && hasAmeliaEntitiesApiCall) {\n    hasAmeliaEntitiesApiCall = false;\n  }\n<\/script>\n\n<div\n  id=\"amelia-v2-booking-1000\"\n  class=\"amelia-v2-booking\"\n >\n    <step-form-wrapper><\/step-form-wrapper><\/div>\n\t\t\t\t<\/div>\n\t\t\t\t<\/div>\n\t\t\t\t<\/div>\n\t\t\t\t\t<\/div>\n\t\t\t\t<\/div>\n\t\t\t\t<\/div>\n\t\t","protected":false},"excerpt":{"rendered":"<p>Atunci c\u00e2nd angaja\u021bii au o pagin\u0103 proprie, \u00ee\u0219i pot promova serviciile pe re\u021belele sociale, \u0219tiind c\u0103 program\u0103rile ajung direct la ei. Acest lucru cre\u0219te motiva\u021bia \u0219i implicarea \u00een rela\u021bia cu clien\u021bii. Claudia este specialist\u0103 \u00een cosmetic\u0103 \u00een cadrul Beauty Salon, pasionat\u0103 de \u00eengrijirea pielii \u0219i de ritualurile care aduc echilibru \u0219i stare de bine. Este [&hellip;]<\/p>\n","protected":false},"author":1,"featured_media":0,"parent":0,"menu_order":0,"comment_status":"closed","ping_status":"closed","template":"","meta":{"footnotes":""},"class_list":["post-267","page","type-page","status-publish","hentry"],"yoast_head":"<!-- This site is optimized with the Yoast SEO plugin v27.4 - https:\/\/yoast.com\/product\/yoast-seo-wordpress\/ -->\n<title>Tratamente cosmetice cu Claudia - Salon Beauty - DEMO<\/title>\n<meta name=\"robots\" content=\"index, follow, max-snippet:-1, max-image-preview:large, max-video-preview:-1\" \/>\n<link rel=\"canonical\" href=\"https:\/\/salononline.ro\/salondemo\/programari-cosmetice-cu-mariana\/\" \/>\n<meta property=\"og:locale\" content=\"ro_RO\" \/>\n<meta property=\"og:type\" content=\"article\" \/>\n<meta property=\"og:title\" content=\"Tratamente cosmetice cu Claudia - Salon Beauty - DEMO\" \/>\n<meta property=\"og:description\" content=\"Atunci c\u00e2nd angaja\u021bii au o pagin\u0103 proprie, \u00ee\u0219i pot promova serviciile pe re\u021belele sociale, \u0219tiind c\u0103 program\u0103rile ajung direct la ei. Acest lucru cre\u0219te motiva\u021bia \u0219i implicarea \u00een rela\u021bia cu clien\u021bii. Claudia este specialist\u0103 \u00een cosmetic\u0103 \u00een cadrul Beauty Salon, pasionat\u0103 de \u00eengrijirea pielii \u0219i de ritualurile care aduc echilibru \u0219i stare de bine. Este [&hellip;]\" \/>\n<meta property=\"og:url\" content=\"https:\/\/salononline.ro\/salondemo\/programari-cosmetice-cu-mariana\/\" \/>\n<meta property=\"og:site_name\" content=\"Salon Beauty - DEMO\" \/>\n<meta property=\"article:modified_time\" content=\"2026-03-30T06:42:49+00:00\" \/>\n<meta property=\"og:image\" content=\"https:\/\/salononline.ro\/salondemo\/wp-content\/themes\/rehub-theme\/images\/default\/blank.gif\" \/>\n<meta name=\"twitter:card\" content=\"summary_large_image\" \/>\n<meta name=\"twitter:label1\" content=\"Timp estimat pentru citire\" \/>\n\t<meta name=\"twitter:data1\" content=\"1 minut\" \/>\n<script type=\"application\/ld+json\" class=\"yoast-schema-graph\">{\"@context\":\"https:\\\/\\\/schema.org\",\"@graph\":[{\"@type\":\"WebPage\",\"@id\":\"https:\\\/\\\/salononline.ro\\\/salondemo\\\/programari-cosmetice-cu-mariana\\\/\",\"url\":\"https:\\\/\\\/salononline.ro\\\/salondemo\\\/programari-cosmetice-cu-mariana\\\/\",\"name\":\"Tratamente cosmetice cu Claudia - Salon Beauty - DEMO\",\"isPartOf\":{\"@id\":\"https:\\\/\\\/salononline.ro\\\/salondemo\\\/#website\"},\"primaryImageOfPage\":{\"@id\":\"https:\\\/\\\/salononline.ro\\\/salondemo\\\/programari-cosmetice-cu-mariana\\\/#primaryimage\"},\"image\":{\"@id\":\"https:\\\/\\\/salononline.ro\\\/salondemo\\\/programari-cosmetice-cu-mariana\\\/#primaryimage\"},\"thumbnailUrl\":\"https:\\\/\\\/salononline.ro\\\/salondemo\\\/wp-content\\\/themes\\\/rehub-theme\\\/images\\\/default\\\/blank.gif\",\"datePublished\":\"2026-01-18T05:38:37+00:00\",\"dateModified\":\"2026-03-30T06:42:49+00:00\",\"breadcrumb\":{\"@id\":\"https:\\\/\\\/salononline.ro\\\/salondemo\\\/programari-cosmetice-cu-mariana\\\/#breadcrumb\"},\"inLanguage\":\"ro-RO\",\"potentialAction\":[{\"@type\":\"ReadAction\",\"target\":[\"https:\\\/\\\/salononline.ro\\\/salondemo\\\/programari-cosmetice-cu-mariana\\\/\"]}]},{\"@type\":\"ImageObject\",\"inLanguage\":\"ro-RO\",\"@id\":\"https:\\\/\\\/salononline.ro\\\/salondemo\\\/programari-cosmetice-cu-mariana\\\/#primaryimage\",\"url\":\"https:\\\/\\\/salononline.ro\\\/salondemo\\\/wp-content\\\/uploads\\\/sites\\\/5\\\/2026\\\/01\\\/green-hair-4713910_1280.jpg\",\"contentUrl\":\"https:\\\/\\\/salononline.ro\\\/salondemo\\\/wp-content\\\/uploads\\\/sites\\\/5\\\/2026\\\/01\\\/green-hair-4713910_1280.jpg\",\"width\":1280,\"height\":853},{\"@type\":\"BreadcrumbList\",\"@id\":\"https:\\\/\\\/salononline.ro\\\/salondemo\\\/programari-cosmetice-cu-mariana\\\/#breadcrumb\",\"itemListElement\":[{\"@type\":\"ListItem\",\"position\":1,\"name\":\"Prima pagin\u0103\",\"item\":\"https:\\\/\\\/salononline.ro\\\/salondemo\\\/\"},{\"@type\":\"ListItem\",\"position\":2,\"name\":\"Tratamente cosmetice cu Claudia\"}]},{\"@type\":\"WebSite\",\"@id\":\"https:\\\/\\\/salononline.ro\\\/salondemo\\\/#website\",\"url\":\"https:\\\/\\\/salononline.ro\\\/salondemo\\\/\",\"name\":\"Salon Beauty - DEMO\",\"description\":\"\",\"publisher\":{\"@id\":\"https:\\\/\\\/salononline.ro\\\/salondemo\\\/#organization\"},\"potentialAction\":[{\"@type\":\"SearchAction\",\"target\":{\"@type\":\"EntryPoint\",\"urlTemplate\":\"https:\\\/\\\/salononline.ro\\\/salondemo\\\/?s={search_term_string}\"},\"query-input\":{\"@type\":\"PropertyValueSpecification\",\"valueRequired\":true,\"valueName\":\"search_term_string\"}}],\"inLanguage\":\"ro-RO\"},{\"@type\":\"Organization\",\"@id\":\"https:\\\/\\\/salononline.ro\\\/salondemo\\\/#organization\",\"name\":\"Salon Beauty - DEMO\",\"url\":\"https:\\\/\\\/salononline.ro\\\/salondemo\\\/\",\"logo\":{\"@type\":\"ImageObject\",\"inLanguage\":\"ro-RO\",\"@id\":\"https:\\\/\\\/salononline.ro\\\/salondemo\\\/#\\\/schema\\\/logo\\\/image\\\/\",\"url\":\"https:\\\/\\\/salononline.ro\\\/salondemo\\\/wp-content\\\/uploads\\\/sites\\\/5\\\/2026\\\/01\\\/salon-demo-so-2.png\",\"contentUrl\":\"https:\\\/\\\/salononline.ro\\\/salondemo\\\/wp-content\\\/uploads\\\/sites\\\/5\\\/2026\\\/01\\\/salon-demo-so-2.png\",\"width\":280,\"height\":86,\"caption\":\"Salon Beauty - DEMO\"},\"image\":{\"@id\":\"https:\\\/\\\/salononline.ro\\\/salondemo\\\/#\\\/schema\\\/logo\\\/image\\\/\"}}]}<\/script>\n<!-- \/ Yoast SEO plugin. -->","yoast_head_json":{"title":"Tratamente cosmetice cu Claudia - Salon Beauty - DEMO","robots":{"index":"index","follow":"follow","max-snippet":"max-snippet:-1","max-image-preview":"max-image-preview:large","max-video-preview":"max-video-preview:-1"},"canonical":"https:\/\/salononline.ro\/salondemo\/programari-cosmetice-cu-mariana\/","og_locale":"ro_RO","og_type":"article","og_title":"Tratamente cosmetice cu Claudia - Salon Beauty - DEMO","og_description":"Atunci c\u00e2nd angaja\u021bii au o pagin\u0103 proprie, \u00ee\u0219i pot promova serviciile pe re\u021belele sociale, \u0219tiind c\u0103 program\u0103rile ajung direct la ei. Acest lucru cre\u0219te motiva\u021bia \u0219i implicarea \u00een rela\u021bia cu clien\u021bii. Claudia este specialist\u0103 \u00een cosmetic\u0103 \u00een cadrul Beauty Salon, pasionat\u0103 de \u00eengrijirea pielii \u0219i de ritualurile care aduc echilibru \u0219i stare de bine. Este [&hellip;]","og_url":"https:\/\/salononline.ro\/salondemo\/programari-cosmetice-cu-mariana\/","og_site_name":"Salon Beauty - DEMO","article_modified_time":"2026-03-30T06:42:49+00:00","og_image":[{"url":"https:\/\/salononline.ro\/salondemo\/wp-content\/themes\/rehub-theme\/images\/default\/blank.gif","type":"","width":"","height":""}],"twitter_card":"summary_large_image","twitter_misc":{"Timp estimat pentru citire":"1 minut"},"schema":{"@context":"https:\/\/schema.org","@graph":[{"@type":"WebPage","@id":"https:\/\/salononline.ro\/salondemo\/programari-cosmetice-cu-mariana\/","url":"https:\/\/salononline.ro\/salondemo\/programari-cosmetice-cu-mariana\/","name":"Tratamente cosmetice cu Claudia - Salon Beauty - DEMO","isPartOf":{"@id":"https:\/\/salononline.ro\/salondemo\/#website"},"primaryImageOfPage":{"@id":"https:\/\/salononline.ro\/salondemo\/programari-cosmetice-cu-mariana\/#primaryimage"},"image":{"@id":"https:\/\/salononline.ro\/salondemo\/programari-cosmetice-cu-mariana\/#primaryimage"},"thumbnailUrl":"https:\/\/salononline.ro\/salondemo\/wp-content\/themes\/rehub-theme\/images\/default\/blank.gif","datePublished":"2026-01-18T05:38:37+00:00","dateModified":"2026-03-30T06:42:49+00:00","breadcrumb":{"@id":"https:\/\/salononline.ro\/salondemo\/programari-cosmetice-cu-mariana\/#breadcrumb"},"inLanguage":"ro-RO","potentialAction":[{"@type":"ReadAction","target":["https:\/\/salononline.ro\/salondemo\/programari-cosmetice-cu-mariana\/"]}]},{"@type":"ImageObject","inLanguage":"ro-RO","@id":"https:\/\/salononline.ro\/salondemo\/programari-cosmetice-cu-mariana\/#primaryimage","url":"https:\/\/salononline.ro\/salondemo\/wp-content\/uploads\/sites\/5\/2026\/01\/green-hair-4713910_1280.jpg","contentUrl":"https:\/\/salononline.ro\/salondemo\/wp-content\/uploads\/sites\/5\/2026\/01\/green-hair-4713910_1280.jpg","width":1280,"height":853},{"@type":"BreadcrumbList","@id":"https:\/\/salononline.ro\/salondemo\/programari-cosmetice-cu-mariana\/#breadcrumb","itemListElement":[{"@type":"ListItem","position":1,"name":"Prima pagin\u0103","item":"https:\/\/salononline.ro\/salondemo\/"},{"@type":"ListItem","position":2,"name":"Tratamente cosmetice cu Claudia"}]},{"@type":"WebSite","@id":"https:\/\/salononline.ro\/salondemo\/#website","url":"https:\/\/salononline.ro\/salondemo\/","name":"Salon Beauty - DEMO","description":"","publisher":{"@id":"https:\/\/salononline.ro\/salondemo\/#organization"},"potentialAction":[{"@type":"SearchAction","target":{"@type":"EntryPoint","urlTemplate":"https:\/\/salononline.ro\/salondemo\/?s={search_term_string}"},"query-input":{"@type":"PropertyValueSpecification","valueRequired":true,"valueName":"search_term_string"}}],"inLanguage":"ro-RO"},{"@type":"Organization","@id":"https:\/\/salononline.ro\/salondemo\/#organization","name":"Salon Beauty - DEMO","url":"https:\/\/salononline.ro\/salondemo\/","logo":{"@type":"ImageObject","inLanguage":"ro-RO","@id":"https:\/\/salononline.ro\/salondemo\/#\/schema\/logo\/image\/","url":"https:\/\/salononline.ro\/salondemo\/wp-content\/uploads\/sites\/5\/2026\/01\/salon-demo-so-2.png","contentUrl":"https:\/\/salononline.ro\/salondemo\/wp-content\/uploads\/sites\/5\/2026\/01\/salon-demo-so-2.png","width":280,"height":86,"caption":"Salon Beauty - DEMO"},"image":{"@id":"https:\/\/salononline.ro\/salondemo\/#\/schema\/logo\/image\/"}}]}},"_links":{"self":[{"href":"https:\/\/salononline.ro\/salondemo\/wp-json\/wp\/v2\/pages\/267","targetHints":{"allow":["GET"]}}],"collection":[{"href":"https:\/\/salononline.ro\/salondemo\/wp-json\/wp\/v2\/pages"}],"about":[{"href":"https:\/\/salononline.ro\/salondemo\/wp-json\/wp\/v2\/types\/page"}],"author":[{"embeddable":true,"href":"https:\/\/salononline.ro\/salondemo\/wp-json\/wp\/v2\/users\/1"}],"replies":[{"embeddable":true,"href":"https:\/\/salononline.ro\/salondemo\/wp-json\/wp\/v2\/comments?post=267"}],"version-history":[{"count":17,"href":"https:\/\/salononline.ro\/salondemo\/wp-json\/wp\/v2\/pages\/267\/revisions"}],"predecessor-version":[{"id":542,"href":"https:\/\/salononline.ro\/salondemo\/wp-json\/wp\/v2\/pages\/267\/revisions\/542"}],"wp:attachment":[{"href":"https:\/\/salononline.ro\/salondemo\/wp-json\/wp\/v2\/media?parent=267"}],"curies":[{"name":"wp","href":"https:\/\/api.w.org\/{rel}","templated":true}]}}