{"id":206,"date":"2026-01-17T11:13:18","date_gmt":"2026-01-17T09:13:18","guid":{"rendered":"https:\/\/salononline.ro\/salondemo\/?page_id=206"},"modified":"2026-03-30T10:09:53","modified_gmt":"2026-03-30T07:09:53","slug":"pagina-angajat","status":"publish","type":"page","link":"https:\/\/salononline.ro\/salondemo\/pagina-angajat\/","title":{"rendered":"Pagina Angajat"},"content":{"rendered":"<p><strong>USER:<\/strong> salononline.ro@gmail.com<br \/>\n<strong>PAROLA:<\/strong> krx@2)wqTu0x0Ai4zUwCiozK<\/p>\n\n\n<script>\nvar wpAmeliaTimeZones = [\"Africa\\\/Abidjan\",\"Africa\\\/Accra\",\"Africa\\\/Addis_Ababa\",\"Africa\\\/Algiers\",\"Africa\\\/Asmara\",\"Africa\\\/Bamako\",\"Africa\\\/Bangui\",\"Africa\\\/Banjul\",\"Africa\\\/Bissau\",\"Africa\\\/Blantyre\",\"Africa\\\/Brazzaville\",\"Africa\\\/Bujumbura\",\"Africa\\\/Cairo\",\"Africa\\\/Casablanca\",\"Africa\\\/Ceuta\",\"Africa\\\/Conakry\",\"Africa\\\/Dakar\",\"Africa\\\/Dar_es_Salaam\",\"Africa\\\/Djibouti\",\"Africa\\\/Douala\",\"Africa\\\/El_Aaiun\",\"Africa\\\/Freetown\",\"Africa\\\/Gaborone\",\"Africa\\\/Harare\",\"Africa\\\/Johannesburg\",\"Africa\\\/Juba\",\"Africa\\\/Kampala\",\"Africa\\\/Khartoum\",\"Africa\\\/Kigali\",\"Africa\\\/Kinshasa\",\"Africa\\\/Lagos\",\"Africa\\\/Libreville\",\"Africa\\\/Lome\",\"Africa\\\/Luanda\",\"Africa\\\/Lubumbashi\",\"Africa\\\/Lusaka\",\"Africa\\\/Malabo\",\"Africa\\\/Maputo\",\"Africa\\\/Maseru\",\"Africa\\\/Mbabane\",\"Africa\\\/Mogadishu\",\"Africa\\\/Monrovia\",\"Africa\\\/Nairobi\",\"Africa\\\/Ndjamena\",\"Africa\\\/Niamey\",\"Africa\\\/Nouakchott\",\"Africa\\\/Ouagadougou\",\"Africa\\\/Porto-Novo\",\"Africa\\\/Sao_Tome\",\"Africa\\\/Tripoli\",\"Africa\\\/Tunis\",\"Africa\\\/Windhoek\",\"America\\\/Adak\",\"America\\\/Anchorage\",\"America\\\/Anguilla\",\"America\\\/Antigua\",\"America\\\/Araguaina\",\"America\\\/Argentina\\\/Buenos_Aires\",\"America\\\/Argentina\\\/Catamarca\",\"America\\\/Argentina\\\/Cordoba\",\"America\\\/Argentina\\\/Jujuy\",\"America\\\/Argentina\\\/La_Rioja\",\"America\\\/Argentina\\\/Mendoza\",\"America\\\/Argentina\\\/Rio_Gallegos\",\"America\\\/Argentina\\\/Salta\",\"America\\\/Argentina\\\/San_Juan\",\"America\\\/Argentina\\\/San_Luis\",\"America\\\/Argentina\\\/Tucuman\",\"America\\\/Argentina\\\/Ushuaia\",\"America\\\/Aruba\",\"America\\\/Asuncion\",\"America\\\/Atikokan\",\"America\\\/Bahia\",\"America\\\/Bahia_Banderas\",\"America\\\/Barbados\",\"America\\\/Belem\",\"America\\\/Belize\",\"America\\\/Blanc-Sablon\",\"America\\\/Boa_Vista\",\"America\\\/Bogota\",\"America\\\/Boise\",\"America\\\/Cambridge_Bay\",\"America\\\/Campo_Grande\",\"America\\\/Cancun\",\"America\\\/Caracas\",\"America\\\/Cayenne\",\"America\\\/Cayman\",\"America\\\/Chicago\",\"America\\\/Chihuahua\",\"America\\\/Ciudad_Juarez\",\"America\\\/Costa_Rica\",\"America\\\/Coyhaique\",\"America\\\/Creston\",\"America\\\/Cuiaba\",\"America\\\/Curacao\",\"America\\\/Danmarkshavn\",\"America\\\/Dawson\",\"America\\\/Dawson_Creek\",\"America\\\/Denver\",\"America\\\/Detroit\",\"America\\\/Dominica\",\"America\\\/Edmonton\",\"America\\\/Eirunepe\",\"America\\\/El_Salvador\",\"America\\\/Fort_Nelson\",\"America\\\/Fortaleza\",\"America\\\/Glace_Bay\",\"America\\\/Goose_Bay\",\"America\\\/Grand_Turk\",\"America\\\/Grenada\",\"America\\\/Guadeloupe\",\"America\\\/Guatemala\",\"America\\\/Guayaquil\",\"America\\\/Guyana\",\"America\\\/Halifax\",\"America\\\/Havana\",\"America\\\/Hermosillo\",\"America\\\/Indiana\\\/Indianapolis\",\"America\\\/Indiana\\\/Knox\",\"America\\\/Indiana\\\/Marengo\",\"America\\\/Indiana\\\/Petersburg\",\"America\\\/Indiana\\\/Tell_City\",\"America\\\/Indiana\\\/Vevay\",\"America\\\/Indiana\\\/Vincennes\",\"America\\\/Indiana\\\/Winamac\",\"America\\\/Inuvik\",\"America\\\/Iqaluit\",\"America\\\/Jamaica\",\"America\\\/Juneau\",\"America\\\/Kentucky\\\/Louisville\",\"America\\\/Kentucky\\\/Monticello\",\"America\\\/Kralendijk\",\"America\\\/La_Paz\",\"America\\\/Lima\",\"America\\\/Los_Angeles\",\"America\\\/Lower_Princes\",\"America\\\/Maceio\",\"America\\\/Managua\",\"America\\\/Manaus\",\"America\\\/Marigot\",\"America\\\/Martinique\",\"America\\\/Matamoros\",\"America\\\/Mazatlan\",\"America\\\/Menominee\",\"America\\\/Merida\",\"America\\\/Metlakatla\",\"America\\\/Mexico_City\",\"America\\\/Miquelon\",\"America\\\/Moncton\",\"America\\\/Monterrey\",\"America\\\/Montevideo\",\"America\\\/Montserrat\",\"America\\\/Nassau\",\"America\\\/New_York\",\"America\\\/Nome\",\"America\\\/Noronha\",\"America\\\/North_Dakota\\\/Beulah\",\"America\\\/North_Dakota\\\/Center\",\"America\\\/North_Dakota\\\/New_Salem\",\"America\\\/Nuuk\",\"America\\\/Ojinaga\",\"America\\\/Panama\",\"America\\\/Paramaribo\",\"America\\\/Phoenix\",\"America\\\/Port-au-Prince\",\"America\\\/Port_of_Spain\",\"America\\\/Porto_Velho\",\"America\\\/Puerto_Rico\",\"America\\\/Punta_Arenas\",\"America\\\/Rankin_Inlet\",\"America\\\/Recife\",\"America\\\/Regina\",\"America\\\/Resolute\",\"America\\\/Rio_Branco\",\"America\\\/Santarem\",\"America\\\/Santiago\",\"America\\\/Santo_Domingo\",\"America\\\/Sao_Paulo\",\"America\\\/Scoresbysund\",\"America\\\/Sitka\",\"America\\\/St_Barthelemy\",\"America\\\/St_Johns\",\"America\\\/St_Kitts\",\"America\\\/St_Lucia\",\"America\\\/St_Thomas\",\"America\\\/St_Vincent\",\"America\\\/Swift_Current\",\"America\\\/Tegucigalpa\",\"America\\\/Thule\",\"America\\\/Tijuana\",\"America\\\/Toronto\",\"America\\\/Tortola\",\"America\\\/Vancouver\",\"America\\\/Whitehorse\",\"America\\\/Winnipeg\",\"America\\\/Yakutat\",\"Antarctica\\\/Casey\",\"Antarctica\\\/Davis\",\"Antarctica\\\/DumontDUrville\",\"Antarctica\\\/Macquarie\",\"Antarctica\\\/Mawson\",\"Antarctica\\\/McMurdo\",\"Antarctica\\\/Palmer\",\"Antarctica\\\/Rothera\",\"Antarctica\\\/Syowa\",\"Antarctica\\\/Troll\",\"Antarctica\\\/Vostok\",\"Arctic\\\/Longyearbyen\",\"Asia\\\/Aden\",\"Asia\\\/Almaty\",\"Asia\\\/Amman\",\"Asia\\\/Anadyr\",\"Asia\\\/Aqtau\",\"Asia\\\/Aqtobe\",\"Asia\\\/Ashgabat\",\"Asia\\\/Atyrau\",\"Asia\\\/Baghdad\",\"Asia\\\/Bahrain\",\"Asia\\\/Baku\",\"Asia\\\/Bangkok\",\"Asia\\\/Barnaul\",\"Asia\\\/Beirut\",\"Asia\\\/Bishkek\",\"Asia\\\/Brunei\",\"Asia\\\/Chita\",\"Asia\\\/Colombo\",\"Asia\\\/Damascus\",\"Asia\\\/Dhaka\",\"Asia\\\/Dili\",\"Asia\\\/Dubai\",\"Asia\\\/Dushanbe\",\"Asia\\\/Famagusta\",\"Asia\\\/Gaza\",\"Asia\\\/Hebron\",\"Asia\\\/Ho_Chi_Minh\",\"Asia\\\/Hong_Kong\",\"Asia\\\/Hovd\",\"Asia\\\/Irkutsk\",\"Asia\\\/Jakarta\",\"Asia\\\/Jayapura\",\"Asia\\\/Jerusalem\",\"Asia\\\/Kabul\",\"Asia\\\/Kamchatka\",\"Asia\\\/Karachi\",\"Asia\\\/Kathmandu\",\"Asia\\\/Khandyga\",\"Asia\\\/Kolkata\",\"Asia\\\/Krasnoyarsk\",\"Asia\\\/Kuala_Lumpur\",\"Asia\\\/Kuching\",\"Asia\\\/Kuwait\",\"Asia\\\/Macau\",\"Asia\\\/Magadan\",\"Asia\\\/Makassar\",\"Asia\\\/Manila\",\"Asia\\\/Muscat\",\"Asia\\\/Nicosia\",\"Asia\\\/Novokuznetsk\",\"Asia\\\/Novosibirsk\",\"Asia\\\/Omsk\",\"Asia\\\/Oral\",\"Asia\\\/Phnom_Penh\",\"Asia\\\/Pontianak\",\"Asia\\\/Pyongyang\",\"Asia\\\/Qatar\",\"Asia\\\/Qostanay\",\"Asia\\\/Qyzylorda\",\"Asia\\\/Riyadh\",\"Asia\\\/Sakhalin\",\"Asia\\\/Samarkand\",\"Asia\\\/Seoul\",\"Asia\\\/Shanghai\",\"Asia\\\/Singapore\",\"Asia\\\/Srednekolymsk\",\"Asia\\\/Taipei\",\"Asia\\\/Tashkent\",\"Asia\\\/Tbilisi\",\"Asia\\\/Tehran\",\"Asia\\\/Thimphu\",\"Asia\\\/Tokyo\",\"Asia\\\/Tomsk\",\"Asia\\\/Ulaanbaatar\",\"Asia\\\/Urumqi\",\"Asia\\\/Ust-Nera\",\"Asia\\\/Vientiane\",\"Asia\\\/Vladivostok\",\"Asia\\\/Yakutsk\",\"Asia\\\/Yangon\",\"Asia\\\/Yekaterinburg\",\"Asia\\\/Yerevan\",\"Atlantic\\\/Azores\",\"Atlantic\\\/Bermuda\",\"Atlantic\\\/Canary\",\"Atlantic\\\/Cape_Verde\",\"Atlantic\\\/Faroe\",\"Atlantic\\\/Madeira\",\"Atlantic\\\/Reykjavik\",\"Atlantic\\\/South_Georgia\",\"Atlantic\\\/St_Helena\",\"Atlantic\\\/Stanley\",\"Australia\\\/Adelaide\",\"Australia\\\/Brisbane\",\"Australia\\\/Broken_Hill\",\"Australia\\\/Darwin\",\"Australia\\\/Eucla\",\"Australia\\\/Hobart\",\"Australia\\\/Lindeman\",\"Australia\\\/Lord_Howe\",\"Australia\\\/Melbourne\",\"Australia\\\/Perth\",\"Australia\\\/Sydney\",\"Europe\\\/Amsterdam\",\"Europe\\\/Andorra\",\"Europe\\\/Astrakhan\",\"Europe\\\/Athens\",\"Europe\\\/Belgrade\",\"Europe\\\/Berlin\",\"Europe\\\/Bratislava\",\"Europe\\\/Brussels\",\"Europe\\\/Bucharest\",\"Europe\\\/Budapest\",\"Europe\\\/Busingen\",\"Europe\\\/Chisinau\",\"Europe\\\/Copenhagen\",\"Europe\\\/Dublin\",\"Europe\\\/Gibraltar\",\"Europe\\\/Guernsey\",\"Europe\\\/Helsinki\",\"Europe\\\/Isle_of_Man\",\"Europe\\\/Istanbul\",\"Europe\\\/Jersey\",\"Europe\\\/Kaliningrad\",\"Europe\\\/Kirov\",\"Europe\\\/Kyiv\",\"Europe\\\/Lisbon\",\"Europe\\\/Ljubljana\",\"Europe\\\/London\",\"Europe\\\/Luxembourg\",\"Europe\\\/Madrid\",\"Europe\\\/Malta\",\"Europe\\\/Mariehamn\",\"Europe\\\/Minsk\",\"Europe\\\/Monaco\",\"Europe\\\/Moscow\",\"Europe\\\/Oslo\",\"Europe\\\/Paris\",\"Europe\\\/Podgorica\",\"Europe\\\/Prague\",\"Europe\\\/Riga\",\"Europe\\\/Rome\",\"Europe\\\/Samara\",\"Europe\\\/San_Marino\",\"Europe\\\/Sarajevo\",\"Europe\\\/Saratov\",\"Europe\\\/Simferopol\",\"Europe\\\/Skopje\",\"Europe\\\/Sofia\",\"Europe\\\/Stockholm\",\"Europe\\\/Tallinn\",\"Europe\\\/Tirane\",\"Europe\\\/Ulyanovsk\",\"Europe\\\/Vaduz\",\"Europe\\\/Vatican\",\"Europe\\\/Vienna\",\"Europe\\\/Vilnius\",\"Europe\\\/Volgograd\",\"Europe\\\/Warsaw\",\"Europe\\\/Zagreb\",\"Europe\\\/Zurich\",\"Indian\\\/Antananarivo\",\"Indian\\\/Chagos\",\"Indian\\\/Christmas\",\"Indian\\\/Cocos\",\"Indian\\\/Comoro\",\"Indian\\\/Kerguelen\",\"Indian\\\/Mahe\",\"Indian\\\/Maldives\",\"Indian\\\/Mauritius\",\"Indian\\\/Mayotte\",\"Indian\\\/Reunion\",\"Pacific\\\/Apia\",\"Pacific\\\/Auckland\",\"Pacific\\\/Bougainville\",\"Pacific\\\/Chatham\",\"Pacific\\\/Chuuk\",\"Pacific\\\/Easter\",\"Pacific\\\/Efate\",\"Pacific\\\/Fakaofo\",\"Pacific\\\/Fiji\",\"Pacific\\\/Funafuti\",\"Pacific\\\/Galapagos\",\"Pacific\\\/Gambier\",\"Pacific\\\/Guadalcanal\",\"Pacific\\\/Guam\",\"Pacific\\\/Honolulu\",\"Pacific\\\/Kanton\",\"Pacific\\\/Kiritimati\",\"Pacific\\\/Kosrae\",\"Pacific\\\/Kwajalein\",\"Pacific\\\/Majuro\",\"Pacific\\\/Marquesas\",\"Pacific\\\/Midway\",\"Pacific\\\/Nauru\",\"Pacific\\\/Niue\",\"Pacific\\\/Norfolk\",\"Pacific\\\/Noumea\",\"Pacific\\\/Pago_Pago\",\"Pacific\\\/Palau\",\"Pacific\\\/Pitcairn\",\"Pacific\\\/Pohnpei\",\"Pacific\\\/Port_Moresby\",\"Pacific\\\/Rarotonga\",\"Pacific\\\/Saipan\",\"Pacific\\\/Tahiti\",\"Pacific\\\/Tarawa\",\"Pacific\\\/Tongatapu\",\"Pacific\\\/Wake\",\"Pacific\\\/Wallis\",\"UTC\"];  var bookingEntitiesIds = (typeof bookingEntitiesIds === 'undefined') ? [] : bookingEntitiesIds;\n  bookingEntitiesIds.push(\n    {\n      'hasApiCall': 1,\n      'trigger': '',\n      'counter': '1000',\n      'cabinetType': 'employee',\n      'appointments': '1',\n      'events': '1',\n      'profile': ''\n    }\n  );\n\n<\/script>\n\n<script>\n    var ameliaShortcodeData = bookingEntitiesIds;\n    var ameliaShortcodeDataTriggered = (typeof ameliaShortcodeDataTriggered === 'undefined') ? [] : ameliaShortcodeDataTriggered;\n    if (ameliaShortcodeData[ameliaShortcodeData.length - 1].trigger !== '') {\n        if (ameliaShortcodeDataTriggered.filter(a => a.counter === ameliaShortcodeData[ameliaShortcodeData.length - 1].counter).length === 0) {\n            ameliaShortcodeDataTriggered.push(ameliaShortcodeData.pop());\n        } else {\n            ameliaShortcodeData.pop()\n        }\n    }\n<\/script>\n\n<div\n    id=\"amelia-v2-booking-1000\"\n    class=\"amelia-v2-booking \"\n>\n    <customer-panel-wrapper><\/customer-panel-wrapper>\n<\/div>\n\n<p><strong>Not\u0103 important\u0103 pentru testarea demo-ului<\/strong><\/p>\n<p>Pentru a testa corect platforma, folosi\u021bi conturi separate pentru fiecare rol.<br \/>\nDac\u0103 v\u0103 autentifica\u021bi \u00een demo cu contul Client, nu ve\u021bi mai putea accesa demo-ul cu contul Angajat, deoarece utilizatorul este deja \u00eenregistrat \u00een sistem.<\/p>\n<p>Pentru a testa \u0219i contul <a href=\"https:\/\/salononline.ro\/salondemo\/pagina-client\/\"><strong>Client<\/strong><\/a>, v\u0103 recomand\u0103m:<\/p>\n<ul>\n<li>s\u0103 v\u0103 deloga\u021bi din contul Client<\/li>\n<li>s\u0103 folosi\u021bi o fereastr\u0103 incognito<\/li>\n<li>sau s\u0103 accesa\u021bi demo-ul din alt browser<\/li>\n<\/ul>\n<h2>Rezerv\u0103ri Servicii<\/h2>\n<p><img fetchpriority=\"high\" decoding=\"async\" class=\"alignnone size-large wp-image-556\" src=\"https:\/\/salononline.ro\/salondemo\/wp-content\/uploads\/sites\/5\/2026\/03\/panou-administrare-angajat-1024x915.jpg\" alt=\"panou administrare angajat\" width=\"840\" height=\"751\" srcset=\"https:\/\/salononline.ro\/salondemo\/wp-content\/uploads\/sites\/5\/2026\/03\/panou-administrare-angajat-1024x915.jpg 1024w, https:\/\/salononline.ro\/salondemo\/wp-content\/uploads\/sites\/5\/2026\/03\/panou-administrare-angajat-300x268.jpg 300w, https:\/\/salononline.ro\/salondemo\/wp-content\/uploads\/sites\/5\/2026\/03\/panou-administrare-angajat-768x686.jpg 768w, https:\/\/salononline.ro\/salondemo\/wp-content\/uploads\/sites\/5\/2026\/03\/panou-administrare-angajat-1536x1373.jpg 1536w, https:\/\/salononline.ro\/salondemo\/wp-content\/uploads\/sites\/5\/2026\/03\/panou-administrare-angajat-2048x1830.jpg 2048w, https:\/\/salononline.ro\/salondemo\/wp-content\/uploads\/sites\/5\/2026\/03\/panou-administrare-angajat-168x150.jpg 168w, https:\/\/salononline.ro\/salondemo\/wp-content\/uploads\/sites\/5\/2026\/03\/panou-administrare-angajat-100x89.jpg 100w, https:\/\/salononline.ro\/salondemo\/wp-content\/uploads\/sites\/5\/2026\/03\/panou-administrare-angajat-392x350.jpg 392w, https:\/\/salononline.ro\/salondemo\/wp-content\/uploads\/sites\/5\/2026\/03\/panou-administrare-angajat-788x704.jpg 788w, https:\/\/salononline.ro\/salondemo\/wp-content\/uploads\/sites\/5\/2026\/03\/panou-administrare-angajat-600x536.jpg 600w, https:\/\/salononline.ro\/salondemo\/wp-content\/uploads\/sites\/5\/2026\/03\/panou-administrare-angajat.jpg 800w\" sizes=\"(max-width: 840px) 100vw, 840px\" \/><\/p>\n<h2>Rezerv\u0103ri Evenimente<\/h2>\n<p><img decoding=\"async\" class=\"alignnone size-large wp-image-558\" src=\"https:\/\/salononline.ro\/salondemo\/wp-content\/uploads\/sites\/5\/2026\/03\/panou-administrare-angajat-evenimente-1024x915.jpg\" alt=\"panou administrare angajat evenimente\" width=\"840\" height=\"751\" srcset=\"https:\/\/salononline.ro\/salondemo\/wp-content\/uploads\/sites\/5\/2026\/03\/panou-administrare-angajat-evenimente-1024x915.jpg 1024w, https:\/\/salononline.ro\/salondemo\/wp-content\/uploads\/sites\/5\/2026\/03\/panou-administrare-angajat-evenimente-300x268.jpg 300w, https:\/\/salononline.ro\/salondemo\/wp-content\/uploads\/sites\/5\/2026\/03\/panou-administrare-angajat-evenimente-768x686.jpg 768w, https:\/\/salononline.ro\/salondemo\/wp-content\/uploads\/sites\/5\/2026\/03\/panou-administrare-angajat-evenimente-1536x1373.jpg 1536w, https:\/\/salononline.ro\/salondemo\/wp-content\/uploads\/sites\/5\/2026\/03\/panou-administrare-angajat-evenimente-2048x1830.jpg 2048w, https:\/\/salononline.ro\/salondemo\/wp-content\/uploads\/sites\/5\/2026\/03\/panou-administrare-angajat-evenimente-168x150.jpg 168w, https:\/\/salononline.ro\/salondemo\/wp-content\/uploads\/sites\/5\/2026\/03\/panou-administrare-angajat-evenimente-100x89.jpg 100w, https:\/\/salononline.ro\/salondemo\/wp-content\/uploads\/sites\/5\/2026\/03\/panou-administrare-angajat-evenimente-392x350.jpg 392w, https:\/\/salononline.ro\/salondemo\/wp-content\/uploads\/sites\/5\/2026\/03\/panou-administrare-angajat-evenimente-788x704.jpg 788w, https:\/\/salononline.ro\/salondemo\/wp-content\/uploads\/sites\/5\/2026\/03\/panou-administrare-angajat-evenimente-600x536.jpg 600w, https:\/\/salononline.ro\/salondemo\/wp-content\/uploads\/sites\/5\/2026\/03\/panou-administrare-angajat-evenimente.jpg 800w\" sizes=\"(max-width: 840px) 100vw, 840px\" \/><\/p>\n","protected":false},"excerpt":{"rendered":"<p>USER: salononline.ro@gmail.com PAROLA: krx@2)wqTu0x0Ai4zUwCiozK Not\u0103 important\u0103 pentru testarea demo-ului Pentru a testa corect platforma, folosi\u021bi conturi separate pentru fiecare rol. Dac\u0103 v\u0103 autentifica\u021bi \u00een demo cu contul Client, nu ve\u021bi mai putea accesa demo-ul cu contul Angajat, deoarece utilizatorul este deja \u00eenregistrat \u00een sistem. Pentru a testa \u0219i contul Client, v\u0103 recomand\u0103m: s\u0103 v\u0103 deloga\u021bi [&hellip;]<\/p>\n","protected":false},"author":1,"featured_media":0,"parent":0,"menu_order":0,"comment_status":"closed","ping_status":"closed","template":"","meta":{"footnotes":""},"class_list":["post-206","page","type-page","status-publish","hentry"],"yoast_head":"<!-- This site is optimized with the Yoast SEO plugin v27.4 - https:\/\/yoast.com\/product\/yoast-seo-wordpress\/ -->\n<title>Pagina Angajat - Salon Beauty - DEMO<\/title>\n<meta name=\"robots\" content=\"index, follow, max-snippet:-1, max-image-preview:large, max-video-preview:-1\" \/>\n<link rel=\"canonical\" href=\"https:\/\/salononline.ro\/salondemo\/pagina-angajat\/\" \/>\n<meta property=\"og:locale\" content=\"ro_RO\" \/>\n<meta property=\"og:type\" content=\"article\" \/>\n<meta property=\"og:title\" content=\"Pagina Angajat - Salon Beauty - DEMO\" \/>\n<meta property=\"og:description\" content=\"USER: salononline.ro@gmail.com PAROLA: krx@2)wqTu0x0Ai4zUwCiozK Not\u0103 important\u0103 pentru testarea demo-ului Pentru a testa corect platforma, folosi\u021bi conturi separate pentru fiecare rol. Dac\u0103 v\u0103 autentifica\u021bi \u00een demo cu contul Client, nu ve\u021bi mai putea accesa demo-ul cu contul Angajat, deoarece utilizatorul este deja \u00eenregistrat \u00een sistem. Pentru a testa \u0219i contul Client, v\u0103 recomand\u0103m: s\u0103 v\u0103 deloga\u021bi [&hellip;]\" \/>\n<meta property=\"og:url\" content=\"https:\/\/salononline.ro\/salondemo\/pagina-angajat\/\" \/>\n<meta property=\"og:site_name\" content=\"Salon Beauty - DEMO\" \/>\n<meta property=\"article:modified_time\" content=\"2026-03-30T07:09:53+00:00\" \/>\n<meta property=\"og:image\" content=\"https:\/\/salononline.ro\/salondemo\/wp-content\/uploads\/sites\/5\/2026\/03\/panou-administrare-angajat.jpg\" \/>\n\t<meta property=\"og:image:width\" content=\"800\" \/>\n\t<meta property=\"og:image:height\" content=\"715\" \/>\n\t<meta property=\"og:image:type\" content=\"image\/jpeg\" \/>\n<meta name=\"twitter:card\" content=\"summary_large_image\" \/>\n<meta name=\"twitter:label1\" content=\"Timp estimat pentru citire\" \/>\n\t<meta name=\"twitter:data1\" content=\"1 minut\" \/>\n<script type=\"application\/ld+json\" class=\"yoast-schema-graph\">{\"@context\":\"https:\\\/\\\/schema.org\",\"@graph\":[{\"@type\":\"WebPage\",\"@id\":\"https:\\\/\\\/salononline.ro\\\/salondemo\\\/pagina-angajat\\\/\",\"url\":\"https:\\\/\\\/salononline.ro\\\/salondemo\\\/pagina-angajat\\\/\",\"name\":\"Pagina Angajat - Salon Beauty - DEMO\",\"isPartOf\":{\"@id\":\"https:\\\/\\\/salononline.ro\\\/salondemo\\\/#website\"},\"primaryImageOfPage\":{\"@id\":\"https:\\\/\\\/salononline.ro\\\/salondemo\\\/pagina-angajat\\\/#primaryimage\"},\"image\":{\"@id\":\"https:\\\/\\\/salononline.ro\\\/salondemo\\\/pagina-angajat\\\/#primaryimage\"},\"thumbnailUrl\":\"https:\\\/\\\/salononline.ro\\\/salondemo\\\/wp-content\\\/uploads\\\/sites\\\/5\\\/2026\\\/03\\\/panou-administrare-angajat-1024x915.jpg\",\"datePublished\":\"2026-01-17T09:13:18+00:00\",\"dateModified\":\"2026-03-30T07:09:53+00:00\",\"breadcrumb\":{\"@id\":\"https:\\\/\\\/salononline.ro\\\/salondemo\\\/pagina-angajat\\\/#breadcrumb\"},\"inLanguage\":\"ro-RO\",\"potentialAction\":[{\"@type\":\"ReadAction\",\"target\":[\"https:\\\/\\\/salononline.ro\\\/salondemo\\\/pagina-angajat\\\/\"]}]},{\"@type\":\"ImageObject\",\"inLanguage\":\"ro-RO\",\"@id\":\"https:\\\/\\\/salononline.ro\\\/salondemo\\\/pagina-angajat\\\/#primaryimage\",\"url\":\"https:\\\/\\\/salononline.ro\\\/salondemo\\\/wp-content\\\/uploads\\\/sites\\\/5\\\/2026\\\/03\\\/panou-administrare-angajat.jpg\",\"contentUrl\":\"https:\\\/\\\/salononline.ro\\\/salondemo\\\/wp-content\\\/uploads\\\/sites\\\/5\\\/2026\\\/03\\\/panou-administrare-angajat.jpg\",\"width\":800,\"height\":715,\"caption\":\"panou administrare angajat\"},{\"@type\":\"BreadcrumbList\",\"@id\":\"https:\\\/\\\/salononline.ro\\\/salondemo\\\/pagina-angajat\\\/#breadcrumb\",\"itemListElement\":[{\"@type\":\"ListItem\",\"position\":1,\"name\":\"Prima pagin\u0103\",\"item\":\"https:\\\/\\\/salononline.ro\\\/salondemo\\\/\"},{\"@type\":\"ListItem\",\"position\":2,\"name\":\"Pagina Angajat\"}]},{\"@type\":\"WebSite\",\"@id\":\"https:\\\/\\\/salononline.ro\\\/salondemo\\\/#website\",\"url\":\"https:\\\/\\\/salononline.ro\\\/salondemo\\\/\",\"name\":\"Salon Beauty - DEMO\",\"description\":\"\",\"publisher\":{\"@id\":\"https:\\\/\\\/salononline.ro\\\/salondemo\\\/#organization\"},\"potentialAction\":[{\"@type\":\"SearchAction\",\"target\":{\"@type\":\"EntryPoint\",\"urlTemplate\":\"https:\\\/\\\/salononline.ro\\\/salondemo\\\/?s={search_term_string}\"},\"query-input\":{\"@type\":\"PropertyValueSpecification\",\"valueRequired\":true,\"valueName\":\"search_term_string\"}}],\"inLanguage\":\"ro-RO\"},{\"@type\":\"Organization\",\"@id\":\"https:\\\/\\\/salononline.ro\\\/salondemo\\\/#organization\",\"name\":\"Salon Beauty - DEMO\",\"url\":\"https:\\\/\\\/salononline.ro\\\/salondemo\\\/\",\"logo\":{\"@type\":\"ImageObject\",\"inLanguage\":\"ro-RO\",\"@id\":\"https:\\\/\\\/salononline.ro\\\/salondemo\\\/#\\\/schema\\\/logo\\\/image\\\/\",\"url\":\"https:\\\/\\\/salononline.ro\\\/salondemo\\\/wp-content\\\/uploads\\\/sites\\\/5\\\/2026\\\/01\\\/salon-demo-so-2.png\",\"contentUrl\":\"https:\\\/\\\/salononline.ro\\\/salondemo\\\/wp-content\\\/uploads\\\/sites\\\/5\\\/2026\\\/01\\\/salon-demo-so-2.png\",\"width\":280,\"height\":86,\"caption\":\"Salon Beauty - DEMO\"},\"image\":{\"@id\":\"https:\\\/\\\/salononline.ro\\\/salondemo\\\/#\\\/schema\\\/logo\\\/image\\\/\"}}]}<\/script>\n<!-- \/ Yoast SEO plugin. -->","yoast_head_json":{"title":"Pagina Angajat - Salon Beauty - DEMO","robots":{"index":"index","follow":"follow","max-snippet":"max-snippet:-1","max-image-preview":"max-image-preview:large","max-video-preview":"max-video-preview:-1"},"canonical":"https:\/\/salononline.ro\/salondemo\/pagina-angajat\/","og_locale":"ro_RO","og_type":"article","og_title":"Pagina Angajat - Salon Beauty - DEMO","og_description":"USER: salononline.ro@gmail.com PAROLA: krx@2)wqTu0x0Ai4zUwCiozK Not\u0103 important\u0103 pentru testarea demo-ului Pentru a testa corect platforma, folosi\u021bi conturi separate pentru fiecare rol. Dac\u0103 v\u0103 autentifica\u021bi \u00een demo cu contul Client, nu ve\u021bi mai putea accesa demo-ul cu contul Angajat, deoarece utilizatorul este deja \u00eenregistrat \u00een sistem. Pentru a testa \u0219i contul Client, v\u0103 recomand\u0103m: s\u0103 v\u0103 deloga\u021bi [&hellip;]","og_url":"https:\/\/salononline.ro\/salondemo\/pagina-angajat\/","og_site_name":"Salon Beauty - DEMO","article_modified_time":"2026-03-30T07:09:53+00:00","og_image":[{"width":800,"height":715,"url":"https:\/\/salononline.ro\/salondemo\/wp-content\/uploads\/sites\/5\/2026\/03\/panou-administrare-angajat.jpg","type":"image\/jpeg"}],"twitter_card":"summary_large_image","twitter_misc":{"Timp estimat pentru citire":"1 minut"},"schema":{"@context":"https:\/\/schema.org","@graph":[{"@type":"WebPage","@id":"https:\/\/salononline.ro\/salondemo\/pagina-angajat\/","url":"https:\/\/salononline.ro\/salondemo\/pagina-angajat\/","name":"Pagina Angajat - Salon Beauty - DEMO","isPartOf":{"@id":"https:\/\/salononline.ro\/salondemo\/#website"},"primaryImageOfPage":{"@id":"https:\/\/salononline.ro\/salondemo\/pagina-angajat\/#primaryimage"},"image":{"@id":"https:\/\/salononline.ro\/salondemo\/pagina-angajat\/#primaryimage"},"thumbnailUrl":"https:\/\/salononline.ro\/salondemo\/wp-content\/uploads\/sites\/5\/2026\/03\/panou-administrare-angajat-1024x915.jpg","datePublished":"2026-01-17T09:13:18+00:00","dateModified":"2026-03-30T07:09:53+00:00","breadcrumb":{"@id":"https:\/\/salononline.ro\/salondemo\/pagina-angajat\/#breadcrumb"},"inLanguage":"ro-RO","potentialAction":[{"@type":"ReadAction","target":["https:\/\/salononline.ro\/salondemo\/pagina-angajat\/"]}]},{"@type":"ImageObject","inLanguage":"ro-RO","@id":"https:\/\/salononline.ro\/salondemo\/pagina-angajat\/#primaryimage","url":"https:\/\/salononline.ro\/salondemo\/wp-content\/uploads\/sites\/5\/2026\/03\/panou-administrare-angajat.jpg","contentUrl":"https:\/\/salononline.ro\/salondemo\/wp-content\/uploads\/sites\/5\/2026\/03\/panou-administrare-angajat.jpg","width":800,"height":715,"caption":"panou administrare angajat"},{"@type":"BreadcrumbList","@id":"https:\/\/salononline.ro\/salondemo\/pagina-angajat\/#breadcrumb","itemListElement":[{"@type":"ListItem","position":1,"name":"Prima pagin\u0103","item":"https:\/\/salononline.ro\/salondemo\/"},{"@type":"ListItem","position":2,"name":"Pagina Angajat"}]},{"@type":"WebSite","@id":"https:\/\/salononline.ro\/salondemo\/#website","url":"https:\/\/salononline.ro\/salondemo\/","name":"Salon Beauty - DEMO","description":"","publisher":{"@id":"https:\/\/salononline.ro\/salondemo\/#organization"},"potentialAction":[{"@type":"SearchAction","target":{"@type":"EntryPoint","urlTemplate":"https:\/\/salononline.ro\/salondemo\/?s={search_term_string}"},"query-input":{"@type":"PropertyValueSpecification","valueRequired":true,"valueName":"search_term_string"}}],"inLanguage":"ro-RO"},{"@type":"Organization","@id":"https:\/\/salononline.ro\/salondemo\/#organization","name":"Salon Beauty - DEMO","url":"https:\/\/salononline.ro\/salondemo\/","logo":{"@type":"ImageObject","inLanguage":"ro-RO","@id":"https:\/\/salononline.ro\/salondemo\/#\/schema\/logo\/image\/","url":"https:\/\/salononline.ro\/salondemo\/wp-content\/uploads\/sites\/5\/2026\/01\/salon-demo-so-2.png","contentUrl":"https:\/\/salononline.ro\/salondemo\/wp-content\/uploads\/sites\/5\/2026\/01\/salon-demo-so-2.png","width":280,"height":86,"caption":"Salon Beauty - DEMO"},"image":{"@id":"https:\/\/salononline.ro\/salondemo\/#\/schema\/logo\/image\/"}}]}},"_links":{"self":[{"href":"https:\/\/salononline.ro\/salondemo\/wp-json\/wp\/v2\/pages\/206","targetHints":{"allow":["GET"]}}],"collection":[{"href":"https:\/\/salononline.ro\/salondemo\/wp-json\/wp\/v2\/pages"}],"about":[{"href":"https:\/\/salononline.ro\/salondemo\/wp-json\/wp\/v2\/types\/page"}],"author":[{"embeddable":true,"href":"https:\/\/salononline.ro\/salondemo\/wp-json\/wp\/v2\/users\/1"}],"replies":[{"embeddable":true,"href":"https:\/\/salononline.ro\/salondemo\/wp-json\/wp\/v2\/comments?post=206"}],"version-history":[{"count":5,"href":"https:\/\/salononline.ro\/salondemo\/wp-json\/wp\/v2\/pages\/206\/revisions"}],"predecessor-version":[{"id":559,"href":"https:\/\/salononline.ro\/salondemo\/wp-json\/wp\/v2\/pages\/206\/revisions\/559"}],"wp:attachment":[{"href":"https:\/\/salononline.ro\/salondemo\/wp-json\/wp\/v2\/media?parent=206"}],"curies":[{"name":"wp","href":"https:\/\/api.w.org\/{rel}","templated":true}]}}