{"id":204,"date":"2026-01-17T11:10:31","date_gmt":"2026-01-17T09:10:31","guid":{"rendered":"https:\/\/salononline.ro\/salondemo\/?page_id=204"},"modified":"2026-01-17T11:10:31","modified_gmt":"2026-01-17T09:10:31","slug":"rezervarea-a-fost-inregistrata","status":"publish","type":"page","link":"https:\/\/salononline.ro\/salondemo\/rezervarea-a-fost-inregistrata\/","title":{"rendered":"Rezervarea a fost \u00eenregistrat\u0103."},"content":{"rendered":"<p>Solicitarea ta a fost procesat\u0103 cu succes. Vei primi \u00een c\u00e2teva momente un e-mail de confirmare cu loca\u021bia exact\u0103 \u0219i ora stabilit\u0103.<\/p>\n<p>Te rug\u0103m s\u0103 ajungi cu 5-10 minute \u00eenainte de ora programat\u0103. Dac\u0103 ai nevoie s\u0103 modifici detaliile, folose\u0219te butonul de \u201eEditare\u201d din e-mailul primit.<\/p>\n","protected":false},"excerpt":{"rendered":"<p>Solicitarea ta a fost procesat\u0103 cu succes. Vei primi \u00een c\u00e2teva momente un e-mail de confirmare cu loca\u021bia exact\u0103 \u0219i ora stabilit\u0103. Te rug\u0103m s\u0103 ajungi cu 5-10 minute \u00eenainte de ora programat\u0103. Dac\u0103 ai nevoie s\u0103 modifici detaliile, folose\u0219te butonul de \u201eEditare\u201d din e-mailul primit.<\/p>\n","protected":false},"author":1,"featured_media":0,"parent":0,"menu_order":0,"comment_status":"closed","ping_status":"closed","template":"","meta":{"footnotes":""},"class_list":["post-204","page","type-page","status-publish","hentry"],"yoast_head":"<!-- This site is optimized with the Yoast SEO plugin v27.4 - https:\/\/yoast.com\/product\/yoast-seo-wordpress\/ -->\n<title>Rezervarea a fost \u00eenregistrat\u0103. - Salon Beauty - DEMO<\/title>\n<meta name=\"robots\" content=\"index, follow, max-snippet:-1, max-image-preview:large, max-video-preview:-1\" \/>\n<link rel=\"canonical\" href=\"https:\/\/salononline.ro\/salondemo\/rezervarea-a-fost-inregistrata\/\" \/>\n<meta property=\"og:locale\" content=\"ro_RO\" \/>\n<meta property=\"og:type\" content=\"article\" \/>\n<meta property=\"og:title\" content=\"Rezervarea a fost \u00eenregistrat\u0103. - Salon Beauty - DEMO\" \/>\n<meta property=\"og:description\" content=\"Solicitarea ta a fost procesat\u0103 cu succes. Vei primi \u00een c\u00e2teva momente un e-mail de confirmare cu loca\u021bia exact\u0103 \u0219i ora stabilit\u0103. Te rug\u0103m s\u0103 ajungi cu 5-10 minute \u00eenainte de ora programat\u0103. Dac\u0103 ai nevoie s\u0103 modifici detaliile, folose\u0219te butonul de \u201eEditare\u201d din e-mailul primit.\" \/>\n<meta property=\"og:url\" content=\"https:\/\/salononline.ro\/salondemo\/rezervarea-a-fost-inregistrata\/\" \/>\n<meta property=\"og:site_name\" content=\"Salon Beauty - DEMO\" \/>\n<meta name=\"twitter:card\" content=\"summary_large_image\" \/>\n<meta name=\"twitter:label1\" content=\"Timp estimat pentru citire\" \/>\n\t<meta name=\"twitter:data1\" content=\"1 minut\" \/>\n<script type=\"application\/ld+json\" class=\"yoast-schema-graph\">{\"@context\":\"https:\\\/\\\/schema.org\",\"@graph\":[{\"@type\":\"WebPage\",\"@id\":\"https:\\\/\\\/salononline.ro\\\/salondemo\\\/rezervarea-a-fost-inregistrata\\\/\",\"url\":\"https:\\\/\\\/salononline.ro\\\/salondemo\\\/rezervarea-a-fost-inregistrata\\\/\",\"name\":\"Rezervarea a fost \u00eenregistrat\u0103. - Salon Beauty - DEMO\",\"isPartOf\":{\"@id\":\"https:\\\/\\\/salononline.ro\\\/salondemo\\\/#website\"},\"datePublished\":\"2026-01-17T09:10:31+00:00\",\"breadcrumb\":{\"@id\":\"https:\\\/\\\/salononline.ro\\\/salondemo\\\/rezervarea-a-fost-inregistrata\\\/#breadcrumb\"},\"inLanguage\":\"ro-RO\",\"potentialAction\":[{\"@type\":\"ReadAction\",\"target\":[\"https:\\\/\\\/salononline.ro\\\/salondemo\\\/rezervarea-a-fost-inregistrata\\\/\"]}]},{\"@type\":\"BreadcrumbList\",\"@id\":\"https:\\\/\\\/salononline.ro\\\/salondemo\\\/rezervarea-a-fost-inregistrata\\\/#breadcrumb\",\"itemListElement\":[{\"@type\":\"ListItem\",\"position\":1,\"name\":\"Prima pagin\u0103\",\"item\":\"https:\\\/\\\/salononline.ro\\\/salondemo\\\/\"},{\"@type\":\"ListItem\",\"position\":2,\"name\":\"Rezervarea a fost \u00eenregistrat\u0103.\"}]},{\"@type\":\"WebSite\",\"@id\":\"https:\\\/\\\/salononline.ro\\\/salondemo\\\/#website\",\"url\":\"https:\\\/\\\/salononline.ro\\\/salondemo\\\/\",\"name\":\"Salon Beauty - DEMO\",\"description\":\"\",\"publisher\":{\"@id\":\"https:\\\/\\\/salononline.ro\\\/salondemo\\\/#organization\"},\"potentialAction\":[{\"@type\":\"SearchAction\",\"target\":{\"@type\":\"EntryPoint\",\"urlTemplate\":\"https:\\\/\\\/salononline.ro\\\/salondemo\\\/?s={search_term_string}\"},\"query-input\":{\"@type\":\"PropertyValueSpecification\",\"valueRequired\":true,\"valueName\":\"search_term_string\"}}],\"inLanguage\":\"ro-RO\"},{\"@type\":\"Organization\",\"@id\":\"https:\\\/\\\/salononline.ro\\\/salondemo\\\/#organization\",\"name\":\"Salon Beauty - DEMO\",\"url\":\"https:\\\/\\\/salononline.ro\\\/salondemo\\\/\",\"logo\":{\"@type\":\"ImageObject\",\"inLanguage\":\"ro-RO\",\"@id\":\"https:\\\/\\\/salononline.ro\\\/salondemo\\\/#\\\/schema\\\/logo\\\/image\\\/\",\"url\":\"https:\\\/\\\/salononline.ro\\\/salondemo\\\/wp-content\\\/uploads\\\/sites\\\/5\\\/2026\\\/01\\\/salon-demo-so-2.png\",\"contentUrl\":\"https:\\\/\\\/salononline.ro\\\/salondemo\\\/wp-content\\\/uploads\\\/sites\\\/5\\\/2026\\\/01\\\/salon-demo-so-2.png\",\"width\":280,\"height\":86,\"caption\":\"Salon Beauty - DEMO\"},\"image\":{\"@id\":\"https:\\\/\\\/salononline.ro\\\/salondemo\\\/#\\\/schema\\\/logo\\\/image\\\/\"}}]}<\/script>\n<!-- \/ Yoast SEO plugin. -->","yoast_head_json":{"title":"Rezervarea a fost \u00eenregistrat\u0103. - Salon Beauty - DEMO","robots":{"index":"index","follow":"follow","max-snippet":"max-snippet:-1","max-image-preview":"max-image-preview:large","max-video-preview":"max-video-preview:-1"},"canonical":"https:\/\/salononline.ro\/salondemo\/rezervarea-a-fost-inregistrata\/","og_locale":"ro_RO","og_type":"article","og_title":"Rezervarea a fost \u00eenregistrat\u0103. - Salon Beauty - DEMO","og_description":"Solicitarea ta a fost procesat\u0103 cu succes. Vei primi \u00een c\u00e2teva momente un e-mail de confirmare cu loca\u021bia exact\u0103 \u0219i ora stabilit\u0103. Te rug\u0103m s\u0103 ajungi cu 5-10 minute \u00eenainte de ora programat\u0103. Dac\u0103 ai nevoie s\u0103 modifici detaliile, folose\u0219te butonul de \u201eEditare\u201d din e-mailul primit.","og_url":"https:\/\/salononline.ro\/salondemo\/rezervarea-a-fost-inregistrata\/","og_site_name":"Salon Beauty - DEMO","twitter_card":"summary_large_image","twitter_misc":{"Timp estimat pentru citire":"1 minut"},"schema":{"@context":"https:\/\/schema.org","@graph":[{"@type":"WebPage","@id":"https:\/\/salononline.ro\/salondemo\/rezervarea-a-fost-inregistrata\/","url":"https:\/\/salononline.ro\/salondemo\/rezervarea-a-fost-inregistrata\/","name":"Rezervarea a fost \u00eenregistrat\u0103. - Salon Beauty - DEMO","isPartOf":{"@id":"https:\/\/salononline.ro\/salondemo\/#website"},"datePublished":"2026-01-17T09:10:31+00:00","breadcrumb":{"@id":"https:\/\/salononline.ro\/salondemo\/rezervarea-a-fost-inregistrata\/#breadcrumb"},"inLanguage":"ro-RO","potentialAction":[{"@type":"ReadAction","target":["https:\/\/salononline.ro\/salondemo\/rezervarea-a-fost-inregistrata\/"]}]},{"@type":"BreadcrumbList","@id":"https:\/\/salononline.ro\/salondemo\/rezervarea-a-fost-inregistrata\/#breadcrumb","itemListElement":[{"@type":"ListItem","position":1,"name":"Prima pagin\u0103","item":"https:\/\/salononline.ro\/salondemo\/"},{"@type":"ListItem","position":2,"name":"Rezervarea a fost \u00eenregistrat\u0103."}]},{"@type":"WebSite","@id":"https:\/\/salononline.ro\/salondemo\/#website","url":"https:\/\/salononline.ro\/salondemo\/","name":"Salon Beauty - DEMO","description":"","publisher":{"@id":"https:\/\/salononline.ro\/salondemo\/#organization"},"potentialAction":[{"@type":"SearchAction","target":{"@type":"EntryPoint","urlTemplate":"https:\/\/salononline.ro\/salondemo\/?s={search_term_string}"},"query-input":{"@type":"PropertyValueSpecification","valueRequired":true,"valueName":"search_term_string"}}],"inLanguage":"ro-RO"},{"@type":"Organization","@id":"https:\/\/salononline.ro\/salondemo\/#organization","name":"Salon Beauty - DEMO","url":"https:\/\/salononline.ro\/salondemo\/","logo":{"@type":"ImageObject","inLanguage":"ro-RO","@id":"https:\/\/salononline.ro\/salondemo\/#\/schema\/logo\/image\/","url":"https:\/\/salononline.ro\/salondemo\/wp-content\/uploads\/sites\/5\/2026\/01\/salon-demo-so-2.png","contentUrl":"https:\/\/salononline.ro\/salondemo\/wp-content\/uploads\/sites\/5\/2026\/01\/salon-demo-so-2.png","width":280,"height":86,"caption":"Salon Beauty - DEMO"},"image":{"@id":"https:\/\/salononline.ro\/salondemo\/#\/schema\/logo\/image\/"}}]}},"_links":{"self":[{"href":"https:\/\/salononline.ro\/salondemo\/wp-json\/wp\/v2\/pages\/204","targetHints":{"allow":["GET"]}}],"collection":[{"href":"https:\/\/salononline.ro\/salondemo\/wp-json\/wp\/v2\/pages"}],"about":[{"href":"https:\/\/salononline.ro\/salondemo\/wp-json\/wp\/v2\/types\/page"}],"author":[{"embeddable":true,"href":"https:\/\/salononline.ro\/salondemo\/wp-json\/wp\/v2\/users\/1"}],"replies":[{"embeddable":true,"href":"https:\/\/salononline.ro\/salondemo\/wp-json\/wp\/v2\/comments?post=204"}],"version-history":[{"count":1,"href":"https:\/\/salononline.ro\/salondemo\/wp-json\/wp\/v2\/pages\/204\/revisions"}],"predecessor-version":[{"id":205,"href":"https:\/\/salononline.ro\/salondemo\/wp-json\/wp\/v2\/pages\/204\/revisions\/205"}],"wp:attachment":[{"href":"https:\/\/salononline.ro\/salondemo\/wp-json\/wp\/v2\/media?parent=204"}],"curies":[{"name":"wp","href":"https:\/\/api.w.org\/{rel}","templated":true}]}}