{"id":152,"date":"2026-01-04T18:24:18","date_gmt":"2026-01-04T16:24:18","guid":{"rendered":"https:\/\/salononline.ro\/angajat\/?page_id=152"},"modified":"2026-01-04T18:26:26","modified_gmt":"2026-01-04T16:26:26","slug":"multumim","status":"publish","type":"page","link":"https:\/\/salononline.ro\/angajat\/multumim\/","title":{"rendered":"Multumim"},"content":{"rendered":"<h2>Rezervarea ta a fost \u00eenregistrat\u0103<\/h2>\n<p>\u00ce\u021bi mul\u021bumim!<br data-start=\"320\" data-end=\"323\" \/>Programarea ta a fost trimis\u0103 cu succes \u0219i <strong>urmeaz\u0103 s\u0103 fie confirmat\u0103<\/strong> de echipa noastr\u0103.<\/p>\n<p>\ud83d\udce9 Vei primi \u00een scurt timp un mesaj de confirmare cu toate detaliile program\u0103rii tale.<\/p>\n<h3>\ud83d\udcc5 Ce urmeaz\u0103?<\/h3>\n<ul>\n<li>Programarea ta este salvat\u0103 \u00een sistemul nostru<\/li>\n<li>Echipa salonului o va confirma<\/li>\n<li>Vei primi notific\u0103ri \u00eenainte de vizit\u0103, ca s\u0103 nu ui\u021bi<\/li>\n<\/ul>\n","protected":false},"excerpt":{"rendered":"<p>Rezervarea ta a fost \u00eenregistrat\u0103 \u00ce\u021bi mul\u021bumim!Programarea ta a fost trimis\u0103 cu succes \u0219i urmeaz\u0103 s\u0103 fie confirmat\u0103 de echipa noastr\u0103. \ud83d\udce9 Vei primi \u00een scurt timp un mesaj de confirmare cu toate detaliile program\u0103rii tale. \ud83d\udcc5 Ce urmeaz\u0103? Programarea ta este salvat\u0103 \u00een sistemul nostru Echipa salonului o va confirma Vei primi notific\u0103ri \u00eenainte [&hellip;]<\/p>\n","protected":false},"author":1,"featured_media":0,"parent":0,"menu_order":0,"comment_status":"closed","ping_status":"closed","template":"","meta":{"footnotes":""},"class_list":["post-152","page","type-page","status-publish","hentry"],"yoast_head":"<!-- This site is optimized with the Yoast SEO plugin v27.4 - https:\/\/yoast.com\/product\/yoast-seo-wordpress\/ -->\n<title>Multumim - Angajat DEMO<\/title>\n<meta name=\"robots\" content=\"index, follow, max-snippet:-1, max-image-preview:large, max-video-preview:-1\" \/>\n<link rel=\"canonical\" href=\"https:\/\/salononline.ro\/angajat\/multumim\/\" \/>\n<meta property=\"og:locale\" content=\"ro_RO\" \/>\n<meta property=\"og:type\" content=\"article\" \/>\n<meta property=\"og:title\" content=\"Multumim - Angajat DEMO\" \/>\n<meta property=\"og:description\" content=\"Rezervarea ta a fost \u00eenregistrat\u0103 \u00ce\u021bi mul\u021bumim!Programarea ta a fost trimis\u0103 cu succes \u0219i urmeaz\u0103 s\u0103 fie confirmat\u0103 de echipa noastr\u0103. \ud83d\udce9 Vei primi \u00een scurt timp un mesaj de confirmare cu toate detaliile program\u0103rii tale. \ud83d\udcc5 Ce urmeaz\u0103? Programarea ta este salvat\u0103 \u00een sistemul nostru Echipa salonului o va confirma Vei primi notific\u0103ri \u00eenainte [&hellip;]\" \/>\n<meta property=\"og:url\" content=\"https:\/\/salononline.ro\/angajat\/multumim\/\" \/>\n<meta property=\"og:site_name\" content=\"Angajat DEMO\" \/>\n<meta property=\"article:modified_time\" content=\"2026-01-04T16:26:26+00:00\" \/>\n<meta name=\"twitter:card\" content=\"summary_large_image\" \/>\n<meta name=\"twitter:label1\" content=\"Timp estimat pentru citire\" \/>\n\t<meta name=\"twitter:data1\" content=\"1 minut\" \/>\n<script type=\"application\/ld+json\" class=\"yoast-schema-graph\">{\"@context\":\"https:\\\/\\\/schema.org\",\"@graph\":[{\"@type\":\"WebPage\",\"@id\":\"https:\\\/\\\/salononline.ro\\\/angajat\\\/multumim\\\/\",\"url\":\"https:\\\/\\\/salononline.ro\\\/angajat\\\/multumim\\\/\",\"name\":\"Multumim - Angajat DEMO\",\"isPartOf\":{\"@id\":\"https:\\\/\\\/salononline.ro\\\/angajat\\\/#website\"},\"datePublished\":\"2026-01-04T16:24:18+00:00\",\"dateModified\":\"2026-01-04T16:26:26+00:00\",\"breadcrumb\":{\"@id\":\"https:\\\/\\\/salononline.ro\\\/angajat\\\/multumim\\\/#breadcrumb\"},\"inLanguage\":\"ro-RO\",\"potentialAction\":[{\"@type\":\"ReadAction\",\"target\":[\"https:\\\/\\\/salononline.ro\\\/angajat\\\/multumim\\\/\"]}]},{\"@type\":\"BreadcrumbList\",\"@id\":\"https:\\\/\\\/salononline.ro\\\/angajat\\\/multumim\\\/#breadcrumb\",\"itemListElement\":[{\"@type\":\"ListItem\",\"position\":1,\"name\":\"Prima pagin\u0103\",\"item\":\"https:\\\/\\\/salononline.ro\\\/angajat\\\/\"},{\"@type\":\"ListItem\",\"position\":2,\"name\":\"Multumim\"}]},{\"@type\":\"WebSite\",\"@id\":\"https:\\\/\\\/salononline.ro\\\/angajat\\\/#website\",\"url\":\"https:\\\/\\\/salononline.ro\\\/angajat\\\/\",\"name\":\"Angajat DEMO\",\"description\":\"\",\"publisher\":{\"@id\":\"https:\\\/\\\/salononline.ro\\\/angajat\\\/#organization\"},\"potentialAction\":[{\"@type\":\"SearchAction\",\"target\":{\"@type\":\"EntryPoint\",\"urlTemplate\":\"https:\\\/\\\/salononline.ro\\\/angajat\\\/?s={search_term_string}\"},\"query-input\":{\"@type\":\"PropertyValueSpecification\",\"valueRequired\":true,\"valueName\":\"search_term_string\"}}],\"inLanguage\":\"ro-RO\"},{\"@type\":\"Organization\",\"@id\":\"https:\\\/\\\/salononline.ro\\\/angajat\\\/#organization\",\"name\":\"Angajat DEMO\",\"url\":\"https:\\\/\\\/salononline.ro\\\/angajat\\\/\",\"logo\":{\"@type\":\"ImageObject\",\"inLanguage\":\"ro-RO\",\"@id\":\"https:\\\/\\\/salononline.ro\\\/angajat\\\/#\\\/schema\\\/logo\\\/image\\\/\",\"url\":\"https:\\\/\\\/salononline.ro\\\/angajat\\\/wp-content\\\/uploads\\\/sites\\\/4\\\/2025\\\/12\\\/logo-demo.jpg\",\"contentUrl\":\"https:\\\/\\\/salononline.ro\\\/angajat\\\/wp-content\\\/uploads\\\/sites\\\/4\\\/2025\\\/12\\\/logo-demo.jpg\",\"width\":300,\"height\":86,\"caption\":\"Angajat DEMO\"},\"image\":{\"@id\":\"https:\\\/\\\/salononline.ro\\\/angajat\\\/#\\\/schema\\\/logo\\\/image\\\/\"}}]}<\/script>\n<!-- \/ Yoast SEO plugin. -->","yoast_head_json":{"title":"Multumim - Angajat DEMO","robots":{"index":"index","follow":"follow","max-snippet":"max-snippet:-1","max-image-preview":"max-image-preview:large","max-video-preview":"max-video-preview:-1"},"canonical":"https:\/\/salononline.ro\/angajat\/multumim\/","og_locale":"ro_RO","og_type":"article","og_title":"Multumim - Angajat DEMO","og_description":"Rezervarea ta a fost \u00eenregistrat\u0103 \u00ce\u021bi mul\u021bumim!Programarea ta a fost trimis\u0103 cu succes \u0219i urmeaz\u0103 s\u0103 fie confirmat\u0103 de echipa noastr\u0103. \ud83d\udce9 Vei primi \u00een scurt timp un mesaj de confirmare cu toate detaliile program\u0103rii tale. \ud83d\udcc5 Ce urmeaz\u0103? Programarea ta este salvat\u0103 \u00een sistemul nostru Echipa salonului o va confirma Vei primi notific\u0103ri \u00eenainte [&hellip;]","og_url":"https:\/\/salononline.ro\/angajat\/multumim\/","og_site_name":"Angajat DEMO","article_modified_time":"2026-01-04T16:26:26+00:00","twitter_card":"summary_large_image","twitter_misc":{"Timp estimat pentru citire":"1 minut"},"schema":{"@context":"https:\/\/schema.org","@graph":[{"@type":"WebPage","@id":"https:\/\/salononline.ro\/angajat\/multumim\/","url":"https:\/\/salononline.ro\/angajat\/multumim\/","name":"Multumim - Angajat DEMO","isPartOf":{"@id":"https:\/\/salononline.ro\/angajat\/#website"},"datePublished":"2026-01-04T16:24:18+00:00","dateModified":"2026-01-04T16:26:26+00:00","breadcrumb":{"@id":"https:\/\/salononline.ro\/angajat\/multumim\/#breadcrumb"},"inLanguage":"ro-RO","potentialAction":[{"@type":"ReadAction","target":["https:\/\/salononline.ro\/angajat\/multumim\/"]}]},{"@type":"BreadcrumbList","@id":"https:\/\/salononline.ro\/angajat\/multumim\/#breadcrumb","itemListElement":[{"@type":"ListItem","position":1,"name":"Prima pagin\u0103","item":"https:\/\/salononline.ro\/angajat\/"},{"@type":"ListItem","position":2,"name":"Multumim"}]},{"@type":"WebSite","@id":"https:\/\/salononline.ro\/angajat\/#website","url":"https:\/\/salononline.ro\/angajat\/","name":"Angajat DEMO","description":"","publisher":{"@id":"https:\/\/salononline.ro\/angajat\/#organization"},"potentialAction":[{"@type":"SearchAction","target":{"@type":"EntryPoint","urlTemplate":"https:\/\/salononline.ro\/angajat\/?s={search_term_string}"},"query-input":{"@type":"PropertyValueSpecification","valueRequired":true,"valueName":"search_term_string"}}],"inLanguage":"ro-RO"},{"@type":"Organization","@id":"https:\/\/salononline.ro\/angajat\/#organization","name":"Angajat DEMO","url":"https:\/\/salononline.ro\/angajat\/","logo":{"@type":"ImageObject","inLanguage":"ro-RO","@id":"https:\/\/salononline.ro\/angajat\/#\/schema\/logo\/image\/","url":"https:\/\/salononline.ro\/angajat\/wp-content\/uploads\/sites\/4\/2025\/12\/logo-demo.jpg","contentUrl":"https:\/\/salononline.ro\/angajat\/wp-content\/uploads\/sites\/4\/2025\/12\/logo-demo.jpg","width":300,"height":86,"caption":"Angajat DEMO"},"image":{"@id":"https:\/\/salononline.ro\/angajat\/#\/schema\/logo\/image\/"}}]}},"_links":{"self":[{"href":"https:\/\/salononline.ro\/angajat\/wp-json\/wp\/v2\/pages\/152","targetHints":{"allow":["GET"]}}],"collection":[{"href":"https:\/\/salononline.ro\/angajat\/wp-json\/wp\/v2\/pages"}],"about":[{"href":"https:\/\/salononline.ro\/angajat\/wp-json\/wp\/v2\/types\/page"}],"author":[{"embeddable":true,"href":"https:\/\/salononline.ro\/angajat\/wp-json\/wp\/v2\/users\/1"}],"replies":[{"embeddable":true,"href":"https:\/\/salononline.ro\/angajat\/wp-json\/wp\/v2\/comments?post=152"}],"version-history":[{"count":3,"href":"https:\/\/salononline.ro\/angajat\/wp-json\/wp\/v2\/pages\/152\/revisions"}],"predecessor-version":[{"id":155,"href":"https:\/\/salononline.ro\/angajat\/wp-json\/wp\/v2\/pages\/152\/revisions\/155"}],"wp:attachment":[{"href":"https:\/\/salononline.ro\/angajat\/wp-json\/wp\/v2\/media?parent=152"}],"curies":[{"name":"wp","href":"https:\/\/api.w.org\/{rel}","templated":true}]}}